{"id":1022,"date":"2026-02-08T13:05:05","date_gmt":"2026-02-08T13:05:05","guid":{"rendered":"https:\/\/lioahanoi.com\/?post_type=product&#038;p=1022"},"modified":"2026-02-08T13:05:05","modified_gmt":"2026-02-08T13:05:05","slug":"on-ap-lioa-1-pha-10kva-dri-10000-ii-the-he-moi-2020","status":"publish","type":"product","link":"https:\/\/lioahanoi.com\/?product=on-ap-lioa-1-pha-10kva-dri-10000-ii-the-he-moi-2020","title":{"rendered":"\u1ed4n \u00e1p Lioa 1 pha 10kVA DRI-10000 II \u2013 Th\u1ebf H\u1ec7 M\u1edbi 2020"},"content":{"rendered":"<h3 data-path-to-node=\"7\"><b data-path-to-node=\"7\" data-index-in-node=\"0\">\ud83e\uddfe Th\u00f4ng tin s\u1ea3n ph\u1ea9m<\/b><\/h3>\n<ul data-path-to-node=\"8\">\n<li>\n<p data-path-to-node=\"8,0,0\"><b data-path-to-node=\"8,0,0\" data-index-in-node=\"0\">Model:<\/b> DRI-10000 II (Th\u1ebf h\u1ec7 m\u1edbi)<\/p>\n<\/li>\n<li>\n<p data-path-to-node=\"8,1,0\"><b data-path-to-node=\"8,1,0\" data-index-in-node=\"0\">C\u00f4ng su\u1ea5t:<\/b> 10kVA<\/p>\n<\/li>\n<li>\n<p data-path-to-node=\"8,2,0\"><b data-path-to-node=\"8,2,0\" data-index-in-node=\"0\">\u0110i\u1ec7n \u00e1p \u0111\u1ea7u v\u00e0o:<\/b> 90V \u2013 250V<\/p>\n<\/li>\n<li>\n<p data-path-to-node=\"8,3,0\"><b data-path-to-node=\"8,3,0\" data-index-in-node=\"0\">\u0110i\u1ec7n \u00e1p \u0111\u1ea7u ra:<\/b> 220V &amp; 110V<\/p>\n<\/li>\n<li>\n<p data-path-to-node=\"8,4,0\"><b data-path-to-node=\"8,4,0\" data-index-in-node=\"0\">K\u00edch th\u01b0\u1edbc (DxRxC):<\/b> <span class=\"math-inline\" data-math=\"415 \\times 240 \\times 355\" data-index-in-node=\"20\">$415 \\times 240 \\times 355$<\/span> (mm)<\/p>\n<\/li>\n<li>\n<p data-path-to-node=\"8,5,0\"><b data-path-to-node=\"8,5,0\" data-index-in-node=\"0\">Tr\u1ecdng l\u01b0\u1ee3ng:<\/b> 31 kg<\/p>\n<\/li>\n<li>\n<p data-path-to-node=\"8,6,0\"><b data-path-to-node=\"8,6,0\" data-index-in-node=\"0\">T\u00ecnh tr\u1ea1ng:<\/b> H\u00e0ng m\u1edbi 100%<\/p>\n<\/li>\n<li>\n<p data-path-to-node=\"8,7,0\"><b data-path-to-node=\"8,7,0\" data-index-in-node=\"0\">B\u1ea3o h\u00e0nh:<\/b> 48 th\u00e1ng<\/p>\n<\/li>\n<li>\n<p data-path-to-node=\"8,8,0\"><b data-path-to-node=\"8,8,0\" data-index-in-node=\"0\">\ud83d\udcb0 Gi\u00e1 b\u00e1n:<\/b> 7.200.000 VN\u0110<\/p>\n<\/li>\n<\/ul>\n<hr data-path-to-node=\"9\" \/>\n<h3 data-path-to-node=\"10\"><b data-path-to-node=\"10\" data-index-in-node=\"0\">\u2705 \u01afu \u0111i\u1ec3m n\u1ed5i b\u1eadt<\/b><\/h3>\n<ul data-path-to-node=\"11\">\n<li>\n<p data-path-to-node=\"11,0,0\"><b data-path-to-node=\"11,0,0\" data-index-in-node=\"0\">D\u1ea3i \u0111i\u1ec7n r\u1ed9ng (90V-250V)<\/b>: Gi\u00fap m\u00e1y k\u00e9o \u0111i\u1ec7n c\u1ef1c kh\u1ecfe, \u0111\u1ea3m b\u1ea3o c\u00e1c thi\u1ebft b\u1ecb \u0111i\u1ec7n lu\u00f4n \u0111\u1ee7 c\u00f4ng su\u1ea5t ngay c\u1ea3 khi \u0111i\u1ec7n l\u01b0\u1edbi s\u1ee5t \u00e1p s\u00e2u.<\/p>\n<\/li>\n<li>\n<p data-path-to-node=\"11,1,0\"><b data-path-to-node=\"11,1,0\" data-index-in-node=\"0\">\u0110\u1ed3ng h\u1ed3 LED hi\u1ec3n th\u1ecb<\/b>: Cho ph\u00e9p theo d\u00f5i tr\u1ef1c quan \u0111i\u1ec7n \u00e1p v\u00e0o\/ra v\u00e0 d\u00f2ng t\u1ea3i m\u1ed9t c\u00e1ch ch\u00ednh x\u00e1c.<\/p>\n<\/li>\n<li>\n<p data-path-to-node=\"11,2,0\"><b data-path-to-node=\"11,2,0\" data-index-in-node=\"0\">H\u1ec7 th\u1ed1ng b\u1ea3o v\u1ec7 3 trong 1<\/b>: B\u1ea3o v\u1ec7 qu\u00e1 \u00e1p, b\u1ea3o v\u1ec7 qu\u00e1 t\u1ea3i, \u0111\u00f3ng ng\u1eaft \u0111i\u1ec7n ch\u1ee7 \u0111\u1ed9ng b\u1eb1ng Aptomat.<\/p>\n<\/li>\n<li>\n<p data-path-to-node=\"11,3,0\"><b data-path-to-node=\"11,3,0\" data-index-in-node=\"0\">Hai ngu\u1ed3n ra ti\u1ec7n d\u1ee5ng<\/b>: C\u00f3 s\u1eb5n c\u1ed5ng ra 110V cho \u0111\u1ed3 \u0111i\u1ec7n t\u1eed n\u1ed9i \u0111\u1ecba Nh\u1eadt v\u00e0 220V cho thi\u1ebft b\u1ecb th\u00f4ng d\u1ee5ng.<\/p>\n<\/li>\n<\/ul>\n<hr class=\"custom-cursor-default-hover\" data-path-to-node=\"12\" \/>\n<h3 data-path-to-node=\"13\"><b data-path-to-node=\"13\" data-index-in-node=\"0\">\ud83c\udfe0 \u1ee8ng d\u1ee5ng th\u1ef1c t\u1ebf<\/b><\/h3>\n<ul data-path-to-node=\"14\">\n<li>\n<p data-path-to-node=\"14,0,0\">Ph\u00f9 h\u1ee3p cho c\u00e1c h\u1ed9 gia \u0111\u00ecnh s\u1eed d\u1ee5ng \u0111\u1ed3ng th\u1eddi nhi\u1ec1u thi\u1ebft b\u1ecb \u0111i\u1ec7n c\u00f4ng su\u1ea5t l\u1edbn nh\u01b0 2-3 \u0111i\u1ec1u h\u00f2a, b\u1ebfp t\u1eeb, m\u00e1y gi\u1eb7t.<\/p>\n<\/li>\n<li>\n<p data-path-to-node=\"14,1,0\">\u0110\u1eb7c bi\u1ec7t h\u1eefu \u00edch cho c\u00e1c khu v\u1ef1c c\u00f3 \u0111i\u1ec7n l\u01b0\u1edbi kh\u00f4ng \u1ed5n \u0111\u1ecbnh ho\u1eb7c \u1edf xa tr\u1ea1m bi\u1ebfn \u00e1p.<\/p>\n<\/li>\n<li>\n<p data-path-to-node=\"14,2,0\">Thi\u1ebft k\u1ebf hi\u1ec7n \u0111\u1ea1i, s\u1ea1ch s\u1ebd, ph\u00f9 h\u1ee3p l\u1eafp \u0111\u1eb7t trong ph\u00f2ng kh\u00e1ch ho\u1eb7c khu v\u1ef1c sinh ho\u1ea1t chung.<\/p>\n<\/li>\n<\/ul>\n<hr data-path-to-node=\"15\" \/>\n<h3 data-path-to-node=\"16\"><b data-path-to-node=\"16\" data-index-in-node=\"0\">\ud83d\udccd Li\u00ean h\u1ec7 mua h\u00e0ng<\/b><\/h3>\n<ul data-path-to-node=\"17\">\n<li>\n<p data-path-to-node=\"17,0,0\"><b data-path-to-node=\"17,0,0\" data-index-in-node=\"0\">Tr\u1ee5 s\u1edf ch\u00ednh:<\/b> S\u1ed1 1031 Gi\u1ea3i Ph\u00f3ng, Ho\u00e0ng Mai, H\u00e0 N\u1ed9i<\/p>\n<\/li>\n<li>\n<p data-path-to-node=\"17,1,0\"><b data-path-to-node=\"17,1,0\" data-index-in-node=\"0\">C\u01a1 s\u1edf 2:<\/b> S\u1ed1 195 Quang Trung, H\u00e0 \u0110\u00f4ng, H\u00e0 N\u1ed9i<\/p>\n<\/li>\n<li>\n<p data-path-to-node=\"17,2,0\"><b data-path-to-node=\"17,2,0\" data-index-in-node=\"0\">C\u01a1 s\u1edf 3:<\/b> S\u1ed1 10 Xa La, Ph\u00fac La, H\u00e0 \u0110\u00f4ng, H\u00e0 N\u1ed9i<\/p>\n<\/li>\n<li>\n<p data-path-to-node=\"17,3,0\"><b data-path-to-node=\"17,3,0\" data-index-in-node=\"0\">C\u01a1 s\u1edf 4:<\/b> B1.1 LK05-03 K\u0110T Thanh H\u00e0, H\u00e0 \u0110\u00f4ng, H\u00e0 N\u1ed9i<\/p>\n<\/li>\n<\/ul>\n<p data-path-to-node=\"18\"><b data-path-to-node=\"18\" data-index-in-node=\"0\">\ud83d\udcde Hotline:<\/b> 0988.230.699 \u2013 0943.330.240<\/p>\n<p data-path-to-node=\"18\"><b data-path-to-node=\"18\" data-index-in-node=\"40\">\ud83d\udce7 Email:<\/b> admin@lioahanoi.com<\/p>\n","protected":false},"excerpt":{"rendered":"<p data-path-to-node=\"5\">\u1ed4n \u00e1p <b data-path-to-node=\"5\" data-index-in-node=\"6\">Lioa 1 pha 10kVA (Model DRI-10000 II)<\/b> l\u00e0 d\u00f2ng m\u00e1y th\u1ebf h\u1ec7 m\u1edbi nh\u1ea5t, n\u1ed5i b\u1eadt v\u1edbi thi\u1ebft k\u1ebf nh\u1ecf g\u1ecdn v\u00e0 d\u1ea3i \u0111i\u1ec7n \u00e1p \u0111\u1ea7u v\u00e0o r\u1ed9ng (90V-250V). M\u00e1y \u0111\u01b0\u1ee3c trang b\u1ecb \u0111\u1ed3ng h\u1ed3 \u0111i\u1ec7n t\u1eed hi\u1ec3n th\u1ecb th\u00f4ng s\u1ed1 ch\u00ednh x\u00e1c, l\u00e0 l\u1ef1a ch\u1ecdn l\u00fd t\u01b0\u1edfng \u0111\u1ec3 b\u1ea3o v\u1ec7 h\u1ec7 th\u1ed1ng thi\u1ebft b\u1ecb \u0111i\u1ec7n gia \u0111\u00ecnh nh\u01b0 \u0111i\u1ec1u h\u00f2a, t\u1ee7 l\u1ea1nh, d\u00e0n \u00e2m thanh tr\u01b0\u1edbc t\u00ecnh tr\u1ea1ng \u0111i\u1ec7n y\u1ebfu s\u1ee5t \u00e1p.<\/p>\n","protected":false},"featured_media":1023,"comment_status":"open","ping_status":"closed","template":"","meta":[],"product_brand":[],"product_cat":[33,22],"product_tag":[],"class_list":{"0":"post-1022","1":"product","2":"type-product","3":"status-publish","4":"has-post-thumbnail","6":"product_cat-lioa-10kva","7":"product_cat-on-ap-lioa-1-pha","9":"first","10":"instock","11":"shipping-taxable","12":"purchasable","13":"product-type-simple"},"_links":{"self":[{"href":"https:\/\/lioahanoi.com\/index.php?rest_route=\/wp\/v2\/product\/1022","targetHints":{"allow":["GET"]}}],"collection":[{"href":"https:\/\/lioahanoi.com\/index.php?rest_route=\/wp\/v2\/product"}],"about":[{"href":"https:\/\/lioahanoi.com\/index.php?rest_route=\/wp\/v2\/types\/product"}],"replies":[{"embeddable":true,"href":"https:\/\/lioahanoi.com\/index.php?rest_route=%2Fwp%2Fv2%2Fcomments&post=1022"}],"wp:featuredmedia":[{"embeddable":true,"href":"https:\/\/lioahanoi.com\/index.php?rest_route=\/wp\/v2\/media\/1023"}],"wp:attachment":[{"href":"https:\/\/lioahanoi.com\/index.php?rest_route=%2Fwp%2Fv2%2Fmedia&parent=1022"}],"wp:term":[{"taxonomy":"product_brand","embeddable":true,"href":"https:\/\/lioahanoi.com\/index.php?rest_route=%2Fwp%2Fv2%2Fproduct_brand&post=1022"},{"taxonomy":"product_cat","embeddable":true,"href":"https:\/\/lioahanoi.com\/index.php?rest_route=%2Fwp%2Fv2%2Fproduct_cat&post=1022"},{"taxonomy":"product_tag","embeddable":true,"href":"https:\/\/lioahanoi.com\/index.php?rest_route=%2Fwp%2Fv2%2Fproduct_tag&post=1022"}],"curies":[{"name":"wp","href":"https:\/\/api.w.org\/{rel}","templated":true}]}}