{"id":417,"date":"2023-03-15T14:23:21","date_gmt":"2023-03-15T14:23:21","guid":{"rendered":"https:\/\/lioahanoi.com\/?post_type=product&#038;p=417"},"modified":"2025-10-23T21:46:23","modified_gmt":"2025-10-23T21:46:23","slug":"on-ap-lioa-0-5kva-500w-500va-ma-san-pham-sh-500-ii-doi-moi-nhat","status":"publish","type":"product","link":"https:\/\/lioahanoi.com\/?product=on-ap-lioa-0-5kva-500w-500va-ma-san-pham-sh-500-ii-doi-moi-nhat","title":{"rendered":"\u1ed4N \u00c1P LIOA 0.5KVA &#8211; 500W &#8211; 500VA M\u00c3 S\u1ea2N PH\u1ea8M SH &#8211; 500 II \u0110\u1edcI M\u1edaI NH\u1ea4T"},"content":{"rendered":"<h3>\u1ed4N \u00c1P LIOA 500VA &#8211; 500W MODEL SH &#8211; 500 II \u0110\u1edcI M\u1edaI NH\u1ea4T D\u00c2Y \u0110\u1ed2NG 100%<\/h3>\n<p>&#8211;\u00a0<strong>Lioa 500 sh<\/strong>\u00a0l\u00e0 lo\u1ea1i \u1ed5n \u00e1p c\u00f4ng su\u1ea5t nh\u1ecf nh\u1ea5t do Lioa Nh\u1eadt Linh s\u1ea3n xu\u1ea5t, kh\u00e1ch h\u00e0ng l\u1ef1a ch\u1ecdn\u00a0<strong>lioa 500va<\/strong>\u00a0ch\u1ee7 y\u1ebfu d\u00f9ng cho m\u00e1y t\u00ednh, m\u00e1y in, b\u1ed9 d\u00e0n mini, tivi, t\u1ee7 l\u1ea1nh, m\u1ea1ch \u0111i\u1ec1u khi\u1ec3n\u00a0&#8230;vvv &#8230;.<\/p>\n<p>&#8211;\u00a0<strong>\u1ed4n \u00e1p lioa 0,5kva\u00a0<\/strong>\u0111\u01b0\u1ee3c thi\u1ebft k\u1ebf v\u1edbi 3 l\u1ea7n b\u1ea3o v\u1ec7 an to\u00e0n: B\u1ea3o v\u1ec7 qu\u00e1 t\u1ea3i, qu\u00e1 \u00e1p, ng\u1eafn m\u1ea1ch n\u00ean an to\u00e0n tuy\u1ec7t \u0111\u1ed1i cho thi\u1ebft b\u1ecb \u0111i\u1ec7n, gi\u00fap thi\u1ebft b\u1ecb \u0111i\u1ec7n kh\u00f4ng b\u1ecb h\u1ecfng do s\u1ef1 c\u1ed1 v\u1ec1 \u0111i\u1ec7n<\/p>\n<p>\u1ed4N \u00c1P LIOA 500VA\u00a0MODEL SH\u00a0&#8211; 500 II \u0110\u1edcI M\u1edaI NH\u1ea4T GI\u00c1 B\u00c1N 1.200.000VN\u0110 B\u1ea2O H\u00c0NH 48 TH\u00c1NG<\/p>\n<h3>TH\u00d4NG S\u1ed0 K\u1ef8 THU\u1eacT \u1ed4N \u00c1P LIOA\u00a0500W SH &#8211; 500 II\u00a0NH\u01af SAU:<\/h3>\n<p>&#8211; M\u00e3 s\u1ea3n ph\u1ea9m: SH &#8211; 500 II<\/p>\n<p>&#8211; \u0110i\u1ec7n \u00e1p v\u00e0o 1 pha: 150V ~ 250V<\/p>\n<p>&#8211; \u0110i\u1ec7n \u00e1p ra 1 pha: 110V \u2013 220V<\/p>\n<p>&#8211; K\u00edch th\u01b0\u1edbc (DxRxC)mm: (225x172x177)mm<\/p>\n<p>&#8211; Tr\u1ecdng l\u01b0\u01a1ng: 5Kg<\/p>\n<p>&#8211; T\u1ea7n s\u1ed1: 49Hz \u2013 62Hz<\/p>\n<p>&#8211; Th\u1eddi gian \u0111\u00e1p \u1ee9ng \u0111i\u1ec7n \u00e1p v\u1edbi 10% \u0111i\u1ec7n \u00e1p \u0111\u1ea7u v\u00e0o thay \u0111\u1ed5i: 0.4s<\/p>\n<p>&#8211; B\u1ea3o v\u1ec7 qu\u00e1 t\u1ea3i, ch\u1eadp t\u1ea3i, ng\u1eafn m\u1ea1ch, qu\u00e1 \u00e1p : B\u1eb1ng Aptomat<\/p>\n<p>&#8211; Bi\u1ebfn \u00e1p t\u1ea3i:\u00a0<strong>Lioa sh 500<\/strong>\u00a0c\u00f3 cu\u1ed9n bi\u1ebfn \u00e1p qu\u1ea5n d\u00e2y \u0111\u1ed3ng nguy\u00ean ch\u1ea5t 100%<\/p>\n<p>&#8211; M\u1ea7u s\u1eafc: M\u1ea7u ghi s\u00e1ng<\/p>\n<p>&#8211; S\u1ed1 Aptomat: 01 C\u00e1i ( B\u1ea3o v\u1ec7 qu\u00e1 t\u1ea3i, ng\u1eafn m\u1ea1ch, qu\u00e1 \u00e1p)<\/p>\n<p>&#8211; D\u00f2ng c\u1ef1c \u0111\u1ea1i : 5A<\/p>\n<p>&#8211; \u0110\u1ed3ng h\u1ed3 \u0111o \u0111i\u1ec7n \u00e1p (V): C\u00f3 ( \u0110o \u0111i\u1ec7n \u00e1p \u0111\u1ea7u ra)<\/p>\n<p>&#8211; \u0110i\u1ec7n \u00e1p ra: \u0110i\u1ec7n \u00e1p l\u1ea5y ra 02 \u1ed5 c\u1eafm tr\u01b0\u1edbc m\u1eb7t m\u00e1y<\/p>\n<p>&#8211; Nhi\u1ec7t \u0111\u1ed9 m\u00f4i tr\u01b0\u1eddng: &#8211; 5 \u0111\u1ed9 C \u0111\u1ebfn + 40 \u0111\u1ed9 C<\/p>\n<p>&#8211; Nguy\u00ean l\u00fd \u0111i\u1ec1u khi\u1ec3n: \u0110\u1ed9ng c\u01a1 m\u00f4 t\u01a1 12V<\/p>\n<p>&#8211;\u00a0<strong>\u1ed4n \u00e1p lioa 500va<\/strong>\u00a0c\u00f3 t\u00e1c d\u1ee5ng :<\/p>\n<p>+ Lu\u00f4n \u1ed5n \u0111\u1ecbnh \u00e1p \u0111\u1ea7u ra l\u00e0 220v \u2013 110v gi\u00fap cho thi\u1ebft b\u1ecb \u0111i\u1ec7n ph\u00e1t huy \u0111\u01b0\u1ee3c h\u1ebft c\u00e1c t\u00e1c d\u1ee5ng, n\u00e2ng cao tu\u1ed5i th\u1ecd<\/p>\n<p>+ B\u1ea3o v\u1ec7 qu\u00e1 t\u1ea3i, ng\u1eafn m\u1ea1ch b\u1eb1ng aptomat n\u00ean c\u00e1c thi\u1ebft b\u1ecb \u0111i\u1ec7n \u0111\u01b0\u1ee3c b\u1ea3o v\u1ec7 an to\u00e0n tuy\u1ec7t \u0111\u1ed1i kh\u00f4ng lo b\u1ecb s\u1ef1 c\u1ed1 v\u1ec1 \u0111i\u1ec7n<\/p>\n<p>+ B\u1ea3o v\u1ec7 qu\u00e1 \u00e1p b\u1eb1ng m\u1ea1ch \u0111i\u1ec1u khi\u1ec3n Aptomat n\u00ean c\u00e1c c\u00e1c thi\u1ebft b\u1ecb \u0111i\u1ec7n \u0111\u01b0\u1ee3c b\u1ea3o v\u1ec7 tuy\u1ec7t \u0111\u1ed1i kh\u00f4ng lo b\u1ecb ch\u00e1y do \u0111i\u1ec7n \u00e1p \u0111\u1ea7u ra t\u0103ng cao<\/p>\n<p>vvv&#8230;.vvvv<\/p>\n<h3><strong>Ghi ch\u00fa:\u00a0<\/strong><\/h3>\n<div>\n<p>&#8211; Gi\u00e1 tr\u00ean \u0111\u00e3\u00a0bao g\u1ed3m thu\u1ebf vat 10%<\/p>\n<p>&#8211; Giao h\u00e0ng v\u00e0 l\u1eafp \u0111\u1eb7t m\u00e1y mi\u1ec5n ph\u00ed v\u1edbi qu\u00fd kh\u00e1ch h\u00e0ng t\u1ea1i H\u00e0 N\u1ed9i v\u00e0 HCM ho\u1eb7c c\u00e1ch\u00a0H\u00e0 N\u1ed9i V\u00e0 HCM kho\u1ea3ng 40Km, kh\u00e1ch h\u00e0ng t\u1ea1i c\u00e1c t\u1ec9nh th\u00e0nh kh\u00e1c c\u00e1ch H\u00e0 N\u1ed9i v\u00e0 HCM &gt; 40Km cty ch\u00fang t\u00f4i v\u1eadn chuy\u1ec3n v\u00e0 l\u1eafp \u0111\u1eb7t m\u00e1y cho qu\u00fd kh\u00e1ch c\u00f3 t\u00ednh c\u01b0\u1edbc ph\u00ed, ho\u1eb7c g\u1eedi \u00f4 t\u00f4, chuy\u1ec3n ph\u00e1t nhanh COD theo y\u00eau c\u1ea7u\u00a0cho qu\u00fd kh\u00e1ch t\u1ef1 nh\u1eadn m\u00e1y v\u00e0 l\u1eafp \u0111\u1eb7t m\u00e1y c\u01b0\u1edbc ph\u00ed g\u1eedi m\u00e1y c\u00f4ng ty ch\u00fang t\u00f4i thanh to\u00e1n.<\/p>\n<p>&#8211; H\u00ecnh th\u1ee9c thanh to\u00e1n: Thanh to\u00e1n 100% ngay sau khi giao h\u00e0ng b\u1eb1ng ti\u1ec1n m\u1eb7t ho\u1eb7c chuy\u1ec3n kho\u1ea3n<\/p>\n<p>&#8211;\u00a0<strong>L<\/strong><strong>ioa 500w<\/strong>\u00a0 b\u1ea3o h\u00e0nh 48\u00a0th\u00e1ng\u00a0k\u1ec3 t\u1eeb ng\u00e0y s\u1ea3n xu\u1ea5t 06 th\u00e1ng \u0111\u1ea7u m\u00e1y h\u1ecfng \u0111\u1ed5i m\u00e1y m\u1edbi<\/p>\n<p>&#8211; Cam k\u1ebft b\u00e1n h\u00e0ng ch\u00ednh h\u00e3ng m\u1edbi 100% c\u00f3 ch\u1ee9ng ch\u1ec9 xu\u1ea5t x\u01b0\u1edfng, H\u00f3a \u0111\u01a1n VAT n\u1ebfu qu\u00fd kh\u00e1ch y\u00eau c\u1ea7u<\/p>\n<h3>C\u00f4ng Ty TNHH SX v\u00e0 Tm \u1ed4n \u00c1p Nh\u1eadt Linh \u2013 Vi\u1ec7t Nam<\/h3>\n<p>Chuy\u00ean s\u1ea3n xu\u1ea5t v\u00e0 ph\u00e2n ph\u1ed1i c\u00e1c s\u1ea3n ph\u1ea9m Lioa<\/p>\n<p>\u0110\u1ecba ch\u1ec9 t\u1ea1i H\u00e0 N\u1ed9i:<\/p>\n<p>&#8211; S\u1ed1 1031 Gi\u1ea3i Ph\u00f3ng \u2013 Qu\u1eadn Ho\u00e0ng Mai \u2013 Th\u00e0nh Ph\u1ed1 H\u00e0 N\u1ed9i<\/p>\n<\/div>\n<div class=\"ddict_btn\" style=\"top: 52px; left: 1021.58px;\"><img decoding=\"async\" src=\"chrome-extension:\/\/bpggmmljdiliancllaapiggllnkbjocb\/logo\/48.png\" \/><\/div>\n","protected":false},"excerpt":{"rendered":"<p>\u1ed4N \u00c1P LIOA 500VA &#8211; 500W MODEL SH &#8211; 500 II \u0110\u1edcI M\u1edaI NH\u1ea4T D\u00c2Y \u0110\u1ed2NG 100% &#8211;\u00a0Lioa 500 sh\u00a0l\u00e0 lo\u1ea1i \u1ed5n \u00e1p c\u00f4ng su\u1ea5t nh\u1ecf nh\u1ea5t do Lioa Nh\u1eadt Linh s\u1ea3n xu\u1ea5t, kh\u00e1ch h\u00e0ng l\u1ef1a ch\u1ecdn\u00a0lioa 500va\u00a0ch\u1ee7 y\u1ebfu d\u00f9ng cho m\u00e1y t\u00ednh, m\u00e1y in, b\u1ed9 d\u00e0n mini, tivi, t\u1ee7 l\u1ea1nh, m\u1ea1ch \u0111i\u1ec1u khi\u1ec3n\u00a0&#8230;vvv &#8230;. [&hellip;]<\/p>\n","protected":false},"featured_media":431,"comment_status":"open","ping_status":"closed","template":"","meta":[],"product_brand":[],"product_cat":[27],"product_tag":[],"class_list":{"0":"post-417","1":"product","2":"type-product","3":"status-publish","4":"has-post-thumbnail","6":"product_cat-lioa-0-5kva","8":"first","9":"instock","10":"sale","11":"shipping-taxable","12":"purchasable","13":"product-type-simple"},"_links":{"self":[{"href":"https:\/\/lioahanoi.com\/index.php?rest_route=\/wp\/v2\/product\/417","targetHints":{"allow":["GET"]}}],"collection":[{"href":"https:\/\/lioahanoi.com\/index.php?rest_route=\/wp\/v2\/product"}],"about":[{"href":"https:\/\/lioahanoi.com\/index.php?rest_route=\/wp\/v2\/types\/product"}],"replies":[{"embeddable":true,"href":"https:\/\/lioahanoi.com\/index.php?rest_route=%2Fwp%2Fv2%2Fcomments&post=417"}],"wp:featuredmedia":[{"embeddable":true,"href":"https:\/\/lioahanoi.com\/index.php?rest_route=\/wp\/v2\/media\/431"}],"wp:attachment":[{"href":"https:\/\/lioahanoi.com\/index.php?rest_route=%2Fwp%2Fv2%2Fmedia&parent=417"}],"wp:term":[{"taxonomy":"product_brand","embeddable":true,"href":"https:\/\/lioahanoi.com\/index.php?rest_route=%2Fwp%2Fv2%2Fproduct_brand&post=417"},{"taxonomy":"product_cat","embeddable":true,"href":"https:\/\/lioahanoi.com\/index.php?rest_route=%2Fwp%2Fv2%2Fproduct_cat&post=417"},{"taxonomy":"product_tag","embeddable":true,"href":"https:\/\/lioahanoi.com\/index.php?rest_route=%2Fwp%2Fv2%2Fproduct_tag&post=417"}],"curies":[{"name":"wp","href":"https:\/\/api.w.org\/{rel}","templated":true}]}}