{"id":475,"date":"2023-03-16T15:00:16","date_gmt":"2023-03-16T15:00:16","guid":{"rendered":"https:\/\/lioahanoi.com\/?post_type=product&#038;p=475"},"modified":"2025-09-14T04:40:49","modified_gmt":"2025-09-14T04:40:49","slug":"on-ap-lioa-3kva-3-pha-nl-3000w-doi-cu","status":"publish","type":"product","link":"https:\/\/lioahanoi.com\/?product=on-ap-lioa-3kva-3-pha-nl-3000w-doi-cu","title":{"rendered":"\u1ed4N \u00c1P LIOA 3KVA 3 PHA NL &#8211; 3000W \u0110\u1edcI C\u0168"},"content":{"rendered":"<h3>\u0110\u1eb6C T\u00cdNH\u00a0<strong>LIOA 3 PHA 3KVA\u00a0<\/strong>NH\u01af SAU<\/h3>\n<p>&#8211; Nguy\u00ean l\u00fd: \u0110i\u1ec1u ch\u1ec9nh \u0111\u1ed9ng c\u01a1 3 pha \u0111\u1ed9c l\u1eadp, gi\u00fap \u0111i\u1ec7n \u00e1p \u1ed5n \u0111\u1ecbnh ch\u00ednh x\u00e1c c\u1ea3 3 pha<\/p>\n<p>&#8211; Ki\u1ec3u d\u00e1ng c\u00f4ng nghi\u1ec7p, thi\u1ebft k\u1ebf nh\u1ecf ng\u1ecdn, c\u00f3 \u0111\u1ed3ng h\u1ed3 ch\u1ec9 \u0111i\u1ec7n \u00e1p ( V) r\u00f5 r\u00e0ng c\u1ea3 3 pha<\/p>\n<p>&#8211; C\u00f4ng Su\u1ea5t thi\u1ebft k\u1ebf t\u1eeb\u00a0<strong>\u1ed5n \u00e1p lioa\u00a03kva 3 pha<\/strong>\u00a0\u0111\u1ebfn \u1ed5n \u00e1p lioa\u00a01200kva 3 pha n\u00ean ph\u00f9 h\u1ee3p v\u1edbi m\u1ecdi nhu c\u1ea7u c\u1ee7a kh\u00e1ch h\u00e0ng<\/p>\n<p>&#8211; B\u1ea3o v\u1ec7\u00a0qu\u00e1 t\u1ea3i, ch\u1eadp t\u1ea3i, ng\u1eafn m\u1ea1ch b\u1eb1ng aptomat<\/p>\n<p>&#8211; B\u1ea3o v\u1ec7 qu\u00e1 \u00e1p b\u1eb1ng m\u1ea1ch \u0111i\u1ec1u khi\u1ec3n aptomat ( Khi c\u00f3 s\u1ef1 c\u1ed1 \u0111i\u1ec7n \u00e1p \u0111\u1ea7u ra qu\u00e1 cao m\u1ea1ch \u0111i\u1ec1u khi\u1ec3n s\u1ebd \u0111i\u1ec1u khi\u1ec3n aptomat nh\u1ea3y c\u1eaft \u0111i\u1ec7n \u00e1p \u0111\u1ea7u ra \u0111\u1ea3m b\u1ea3o thi\u1ebft b\u1ecb kh\u00f4ng bao gi\u1edd b\u1ecb ch\u00e1y do ngu\u1ed3n \u0111i\u1ec7n qu\u00e1 cao)<\/p>\n<p>&#8211; B\u1ea3o v\u1ec7 m\u1ea5t pha b\u1eb1ng r\u01a1le ( 1\u00a0trong 3 pha b\u1ecb m\u1ea5t \u0111i\u1ec7n th\u00ec 2 pha c\u00f2n l\u1ea1i c\u0169ng m\u1ea5t \u0111i\u1ec7n lu\u00f4n \u0111\u1ea3m b\u1ea3o \u0111\u00f4ng c\u01a1 v\u00e0 c\u00e1c thi\u1ebft b\u1ecb \u0111i\u1ec7n &#8230;\u00a0kh\u00f4ng b\u1ecb ch\u00e1y do m\u1ea5t pha)<\/p>\n<p>&#8211; H\u1ec7 th\u1ed1ng Auto &#8211; Reset ch\u1ed1ng s\u1ed1c \u0111i\u1ec7n ( \u0110\u01b0a ch\u1ed5i than v\u1ec1 v\u1ecb tr\u00ed an to\u00e0n khi m\u1ea5t \u0111i\u1ec7n)<\/p>\n<p>&#8211; \u1ed4n \u00e1p lioa 3 pha c\u00f3 h\u1ec7 th\u1ed1ng ch\u1ed5i than k\u00e9p n\u00ean t\u0103ng \u0111\u1ed9 ti\u1ebfp x\u00fac v\u00e0 linh ho\u1ea1t gi\u00fap \u1ed5n \u00e1p lioa ch\u1ecbu \u0111\u01b0\u1ee3c t\u1ea3i l\u1edbn<\/p>\n<p>&#8211; Ch\u1ea5t l\u01b0\u1ee3ng \u0111\u01b0\u1ee3c kh\u1eb3ng \u0111\u1ecbnh trong c\u00e1c th\u1eadp k\u1ef7 qua b\u1eb1ng ch\u1ee9ng l\u00e0 \u1ed5n \u00e1p lioa \u0111\u00e3 \u0111\u1ea1t 34 huy tr\u01b0\u01a1ng v\u00e0ng h\u1ed9i ch\u1ee3 qu\u1ed1c t\u1ebf, \u0111\u1ea1t th\u01b0\u01a1ng hi\u1ec7u n\u1ed5i ti\u1ebfng nh\u1ea5t ngh\u00e0nh h\u00e0ng t\u1ea1i Vi\u1ec7t Nam, h\u00e0ng Vi\u1ec7t Nam ch\u1ea5t l\u01b0\u1ee3ng cao trong nhi\u1ec1u n\u0103m li\u1ec1n do ng\u01b0\u1eddi ti\u00eau d\u00f9ng b\u00ecnh ch\u1ecdn&#8230;..<\/p>\n<p>&#8211; Ch\u1ea1y \u00eam, t\u1ef1\u00a0ti\u00eau hao \u0111i\u1ec7n th\u1ea5p, gi\u00fap thi\u1ebft b\u1ecb \u0111i\u1ec7n ch\u1ea1y \u0111\u1ee7 c\u00f4ng su\u1ea5t n\u00ean ph\u00e1t huy t\u1ed1t nh\u1ea5t\u00a0t\u00ednh n\u0103ng d\u1eed d\u1ee5ng,b\u1ec1n cho thi\u1ebft\u00a0b\u1ecb \u0111i\u1ec7n v\u00e0 ti\u1ebft ki\u1ec7m \u0111i\u1ec7n n\u0103ng<\/p>\n<h3>TH\u00d4NG S\u1ed0 K\u1ef8 THU\u1eacT\u00a0<strong>\u1ed4N \u00c1P LIOA 3KVA 3 PHA<\/strong><\/h3>\n<table dir=\"ltr\" border=\"0\" cellspacing=\"1\" cellpadding=\"0\">\n<tbody>\n<tr>\n<td rowspan=\"2\">M\u00e3 SP<\/td>\n<td colspan=\"3\">Di\u1ec5n gi\u1ea3i<\/td>\n<td rowspan=\"2\">B\u1ea3o h\u00e0nh<\/td>\n<\/tr>\n<tr>\n<td>C\u00f4ng su\u1ea5t<br \/>\n(Kva)<\/td>\n<td>K\u00edch th\u01b0\u1edbc (DxRxC)<br \/>\n(mm)<\/td>\n<td>Tr\u1ecdng l\u01b0\u1ee3ng<br \/>\n(Kg)<\/td>\n<\/tr>\n<tr>\n<td>NL &#8211; 3000W<\/td>\n<td>3<\/td>\n<td>410 x 280\u00a0x 640<\/td>\n<td>31<\/td>\n<td>2 n\u0103m<\/td>\n<\/tr>\n<\/tbody>\n<\/table>\n<table dir=\"ltr\" border=\"0\" cellspacing=\"1\" cellpadding=\"0\">\n<tbody>\n<tr>\n<td rowspan=\"2\">\u0110i\u1ec7n \u00e1p v\u00e0o 3 pha<\/td>\n<td rowspan=\"2\">260V ~ 430V<\/td>\n<td><\/td>\n<\/tr>\n<tr>\n<td><\/td>\n<\/tr>\n<tr>\n<td>\u0110i\u1ec7n \u00e1p ra<\/td>\n<td>200v &#8211; 380v \u00b1 2\u00a0~ 3%<\/td>\n<td><\/td>\n<\/tr>\n<tr>\n<td>T\u1ea7n s\u1ed1<\/td>\n<td colspan=\"2\">49 ~ 62Hz<\/td>\n<\/tr>\n<tr>\n<td>Th\u1eddi gian \u0111\u00e1p \u1ee9ng v\u1edbi 10% \u0111i\u1ec7n \u00e1p v\u00e0o thay \u0111\u1ed5i<\/td>\n<td>0,4s<\/td>\n<td><\/td>\n<\/tr>\n<tr>\n<td>Nhi\u1ec7t \u0111\u1ed9 m\u00f4i tr\u01b0\u1eddng<\/td>\n<td colspan=\"2\">-5\u00b0C ~ +40\u00b0C<\/td>\n<\/tr>\n<tr>\n<td>Nguy\u00ean l\u00fd \u0111i\u1ec1u khi\u1ec3n<\/td>\n<td colspan=\"2\">\u0110\u1ed9ng c\u01a1 Servo 1 chi\u1ec1u<\/td>\n<\/tr>\n<tr>\n<td>Ki\u1ec3u d\u00e1ng<\/td>\n<td colspan=\"2\">Ki\u1ec3u d\u00e1ng thay \u0111\u1ed5i kh\u00f4ng c\u1ea7n b\u00e1o tr\u01b0\u1edbc<\/td>\n<\/tr>\n<tr>\n<td>\u0110\u1ed9 c\u00e1ch \u0111i\u1ec7n<\/td>\n<td colspan=\"2\">L\u1edbn h\u01a1n 3M\u03a9 \u1edf \u0111i\u1ec7n \u00e1p 1 chi\u1ec1u 500V<\/td>\n<\/tr>\n<tr>\n<td>\u0110\u1ed9 b\u1ec1n \u0111i\u1ec7n<\/td>\n<td colspan=\"2\">Ki\u1ec3m tra \u0111i\u1ec7n \u00e1p 1500V trong v\u00f2ng 1 ph\u00fat<\/td>\n<\/tr>\n<\/tbody>\n<\/table>\n<h3><strong>Ghi ch\u00fa:\u00a0<\/strong><\/h3>\n<p>&#8211; Gi\u00e1 tr\u00ean \u0111\u00e3\u00a0bao g\u1ed3m thu\u1ebf vat 10%<\/p>\n<p>&#8211;\u00a0Giao h\u00e0ng mi\u1ec5n ph\u00ed tr\u00ean to\u00e0n qu\u1ed1c b\u1eb1ng h\u00ecnh th\u1ee9c:<\/p>\n<p>+ Nh\u00e2n vi\u00ean giao h\u00e0ng t\u1eadn n\u01a1i\u00a0v\u00e0 l\u1eafp \u0111\u1eb7t m\u00e1y \u0111\u1ed1i v\u1edbi kh\u00e1ch h\u00e0ng \u1edf HN\u00a0v\u00e0 HCM ho\u1eb7c c\u00e1ch HN v\u00e0 HCM kho\u1ea3ng 30Km<\/p>\n<p>+ Chuy\u1ec3n ph\u00e1t nhanh COD ho\u1eb7c g\u1eedi \u00f4 t\u00f4 v\u1edbi nh\u1eefng kh\u00e1ch h\u00e0ng \u1edf c\u00e1c t\u1ec9nh c\u00f2n l\u1ea1i<\/p>\n<p>&#8211; H\u00ecnh th\u1ee9c thanh to\u00e1n: Thanh to\u00e1n 100% ngay sau khi giao h\u00e0ng b\u1eb1ng ti\u1ec1n m\u1eb7t ho\u1eb7c chuy\u1ec3n kho\u1ea3n<\/p>\n<p>&#8211;<strong>\u00a0Lioa 3kva 3 pha c\u0169\u00a0<\/strong>b\u1ea3o h\u00e0nh 24\u00a0th\u00e1ng\u00a0k\u1ec3 t\u1eeb ng\u00e0y mua<\/p>\n<p>&#8211; Cam k\u1ebft b\u00e1n h\u00e0ng ch\u00ednh h\u00e3ng m\u1edbi 100% c\u00f3 CO, CQ, H\u00f3a \u0111\u01a1n VAT n\u1ebfu qu\u00fd kh\u00e1ch y\u00eau c\u1ea7u<\/p>\n<h3><strong>C\u00f4ng Ty TNHH SX v\u00e0 Tm \u1ed4n \u00c1p Nh\u1eadt Linh \u2013 Vi\u1ec7t Nam<\/strong><\/h3>\n<p>Chuy\u00ean s\u1ea3n xu\u1ea5t v\u00e0 ph\u00e2n ph\u1ed1i c\u00e1c s\u1ea3n ph\u1ea9m Lioa<\/p>\n","protected":false},"excerpt":{"rendered":"<p>\u0110\u1eb6C T\u00cdNH\u00a0LIOA 3 PHA 3KVA\u00a0NH\u01af SAU &#8211; Nguy\u00ean l\u00fd: \u0110i\u1ec1u ch\u1ec9nh \u0111\u1ed9ng c\u01a1 3 pha \u0111\u1ed9c l\u1eadp, gi\u00fap \u0111i\u1ec7n \u00e1p \u1ed5n \u0111\u1ecbnh ch\u00ednh x\u00e1c c\u1ea3 3 pha &#8211; Ki\u1ec3u d\u00e1ng c\u00f4ng nghi\u1ec7p, thi\u1ebft k\u1ebf nh\u1ecf ng\u1ecdn, c\u00f3 \u0111\u1ed3ng h\u1ed3 ch\u1ec9 \u0111i\u1ec7n \u00e1p ( V) r\u00f5 r\u00e0ng c\u1ea3 3 pha &#8211; C\u00f4ng Su\u1ea5t thi\u1ebft k\u1ebf t\u1eeb\u00a0\u1ed5n [&hellip;]<\/p>\n","protected":false},"featured_media":476,"comment_status":"open","ping_status":"closed","template":"","meta":[],"product_brand":[],"product_cat":[63,44],"product_tag":[],"class_list":{"0":"post-475","1":"product","2":"type-product","3":"status-publish","4":"has-post-thumbnail","6":"product_cat-on-ap-lioa-3-pha-cu","7":"product_cat-on-ap-lioa-3-pha-3kva","9":"first","10":"instock","11":"shipping-taxable","12":"purchasable","13":"product-type-simple"},"_links":{"self":[{"href":"https:\/\/lioahanoi.com\/index.php?rest_route=\/wp\/v2\/product\/475","targetHints":{"allow":["GET"]}}],"collection":[{"href":"https:\/\/lioahanoi.com\/index.php?rest_route=\/wp\/v2\/product"}],"about":[{"href":"https:\/\/lioahanoi.com\/index.php?rest_route=\/wp\/v2\/types\/product"}],"replies":[{"embeddable":true,"href":"https:\/\/lioahanoi.com\/index.php?rest_route=%2Fwp%2Fv2%2Fcomments&post=475"}],"wp:featuredmedia":[{"embeddable":true,"href":"https:\/\/lioahanoi.com\/index.php?rest_route=\/wp\/v2\/media\/476"}],"wp:attachment":[{"href":"https:\/\/lioahanoi.com\/index.php?rest_route=%2Fwp%2Fv2%2Fmedia&parent=475"}],"wp:term":[{"taxonomy":"product_brand","embeddable":true,"href":"https:\/\/lioahanoi.com\/index.php?rest_route=%2Fwp%2Fv2%2Fproduct_brand&post=475"},{"taxonomy":"product_cat","embeddable":true,"href":"https:\/\/lioahanoi.com\/index.php?rest_route=%2Fwp%2Fv2%2Fproduct_cat&post=475"},{"taxonomy":"product_tag","embeddable":true,"href":"https:\/\/lioahanoi.com\/index.php?rest_route=%2Fwp%2Fv2%2Fproduct_tag&post=475"}],"curies":[{"name":"wp","href":"https:\/\/api.w.org\/{rel}","templated":true}]}}