{"id":479,"date":"2023-03-16T15:10:33","date_gmt":"2023-03-16T15:10:33","guid":{"rendered":"https:\/\/lioahanoi.com\/?post_type=product&#038;p=479"},"modified":"2023-03-17T12:26:52","modified_gmt":"2023-03-17T12:26:52","slug":"on-ap-lioa-10kva-3-pha-sh3-10k-the-he-1","status":"publish","type":"product","link":"https:\/\/lioahanoi.com\/?product=on-ap-lioa-10kva-3-pha-sh3-10k-the-he-1","title":{"rendered":"\u1ed4N \u00c1P LIOA 10KVA 3 PHA SH3 &#8211; 10K TH\u1ebe H\u1ec6 1"},"content":{"rendered":"<h2><strong>\u1ed4N \u00c1P LIOA 10KVA 3 PHA<\/strong>,\u00a0<strong>LIOA 3 PHA 10KVA<\/strong>\u00a0TH\u1ebe H\u1ec6 1 S\u01a0N M\u1ea6U N\u00c2U, \u0110\u1ed2NG H\u1ed2 C\u01a0 GI\u00c1 R\u1eba<\/h2>\n<h3>TH\u00d4NG S\u1ed0 K\u1ef8 THU\u1eacT\u00a0<strong>LIOA 10KVA 3 PHA<\/strong>\u00a0D\u1ea2I TH\u01af\u1edcNG\u00a0SH3 &#8211; 10K<\/h3>\n<table border=\"1\" cellspacing=\"0\" cellpadding=\"0\">\n<tbody>\n<tr>\n<td>M\u00c3 S\u1ea2N PH\u1ea8M<\/td>\n<td>SH3 \u2013 10K<\/td>\n<\/tr>\n<tr>\n<td>\u0110I\u1ec6N \u00c1P V\u00c0O 3 PHA (V)<\/td>\n<td>260V ~\u00a0430V<\/td>\n<\/tr>\n<tr>\n<td>\u0110I\u1ec6N \u00c1P RA 3 PHA ( V)<\/td>\n<td>200V \u2013 380V\u00a0\u00b1\u00a02 &#8211; 3%<\/td>\n<\/tr>\n<tr>\n<td>C\u00d4NG SU\u1ea4T ( KVA)<\/td>\n<td>10KVA<\/td>\n<\/tr>\n<tr>\n<td>T\u1ea6N S\u1ed0 ( HZ)<\/td>\n<td>49 \u2013 62 HZ<\/td>\n<\/tr>\n<tr>\n<td>NHI\u1ec6T \u0110\u1ed8 M\u00d4I TR\u01af\u1edcNG<\/td>\n<td>-5\u00b0C ~ +40\u00b0C<\/td>\n<\/tr>\n<tr>\n<td>K\u00cdCH TH\u01af\u1edaC<\/td>\n<td>480X365X715MM<\/td>\n<\/tr>\n<tr>\n<td>TR\u1eccNG L\u01af\u1ee2NG<\/td>\n<td><strong>LIOA 3 PHA 10KVA<\/strong>\u00a0N\u1eb6NG 44KG<\/td>\n<\/tr>\n<tr>\n<td>T\u1ed0C \u0110\u1ed8 PH\u1ea2N \u1ee8NG KHI \u0110I\u1ec6N \u00c1P V\u00c0O THAY \u0110\u1ed4I 10%<\/td>\n<td>0,4S<\/td>\n<\/tr>\n<tr>\n<td>NGUY\u00caN L\u00dd \u0110I\u1ec0U KHI\u1ec2N<\/td>\n<td>M\u1ea0CH \u0110I\u1ec0U KHI\u1ec2N M\u00d4 T\u01a0 1 CHI\u1ec0U 12V<\/td>\n<\/tr>\n<tr>\n<td>B\u1ea2O V\u1ec6 QU\u00c1 D\u00d2NG , NG\u1eaeN M\u1ea0CH, CH\u1eacP M\u1ea0CH<\/td>\n<td>B\u1eb0NG APTOMAT<\/td>\n<\/tr>\n<tr>\n<td>B\u1ea2O V\u1ec6 QU\u00c1 \u00c1P<\/td>\n<td>T\u1ef0 \u0110\u1ed8NG C\u1eaeT \u0110I\u1ec6N \u00c1P RA KHI U PHA &gt; 250V, T\u1ef0 \u0110\u1ed8NG \u0110\u00d3NG \u0110I\u1ec6N TR\u1ede L\u1ea0I KHI \u0110I\u1ec6N \u00c1P \u1ed4N \u0110\u1ecaNH<\/td>\n<\/tr>\n<tr>\n<td>H\u1ec6 TH\u1ed0NG B\u1ea2O V\u1ec6 M\u1ea4T PHA, NG\u01af\u1ee2C PHA<\/td>\n<td>L\u1ef0A CH\u1eccN ( S\u1ea2N XU\u1ea4T THEO Y\u00caU C\u1ea6U)<\/td>\n<\/tr>\n<tr>\n<td>H\u1ec6 TH\u1ed0NG CH\u1ed0NG S\u1ed0C \u0110I\u1ec6N<\/td>\n<td>T\u1ef0 \u0110\u01afA CH\u1ed4I THAN V\u1ec0 V\u1eca TR\u00cd AN TO\u00c0N KHI M\u1ea4T \u0110I\u1ec6N \u0110\u1ec2 CH\u1ed0NG S\u1ed0C \u0110I\u1ec6N (AUTO RESET)<\/td>\n<\/tr>\n<tr>\n<td>HI\u1ec2N TH\u1eca \u0110I\u1ec6N \u00c1P (V)<\/td>\n<td>B\u1eb0NG \u0110\u1ed2NG H\u1ed2 \u0110O \u0110I\u1ec6N \u00c1P (V)<\/td>\n<\/tr>\n<tr>\n<td>HI\u1ec2N TH\u1eca D\u00d2NG \u0110I\u1ec6N (A)<\/td>\n<td>B\u1eb0NG \u0110\u1ed2NG H\u1ed2 \u0110O D\u00d2NG (A)<\/td>\n<\/tr>\n<tr>\n<td>BI\u1ebeN \u00c1P XUY\u1ebeN ( CU\u1ed8N \u0110\u1ed2NG)<\/td>\n<td><strong>\u1ed4N \u00c1P LIOA 10KVA 3 PHA\u00a0<\/strong>D\u1ea2I 260V ~ 430V QU\u1ea4N D\u00c2Y \u0110\u1ed2NG 100%<\/td>\n<\/tr>\n<tr>\n<td>\u0110\u1ed8 C\u00c1CH \u0110I\u1ec6N<\/td>\n<td>&gt;3M\u03a9<\/td>\n<\/tr>\n<tr>\n<td>\u0110\u1ed8 B\u1ec0N \u0110I\u1ec6N<\/td>\n<td>CH\u1ecaU \u0110\u01af\u1ee2C \u0110I\u1ec6N \u00c1P 2000V TRONG V\u00d2NG 1 PH\u00daT<\/td>\n<\/tr>\n<tr>\n<td>HI\u1ec6U SU\u1ea4T<\/td>\n<td>&gt;95%<\/td>\n<\/tr>\n<tr>\n<td>V\u1ece M\u00c1Y<\/td>\n<td>C\u00d4NG NGH\u1ec6 S\u01a0N T\u0128NH \u0110I\u1ec6N<\/td>\n<\/tr>\n<tr>\n<td>H\u00c3NG S\u1ea2N XU\u1ea4T<\/td>\n<td>C\u00d4NG TY TNHH NH\u1eacT LINH<\/td>\n<\/tr>\n<tr>\n<td>XU\u1ea4T S\u1ee8<\/td>\n<td>VI\u1ec6T NAM<\/td>\n<\/tr>\n<tr>\n<td>CH\u1ebe \u0110\u1ed8 B\u1ea2O H\u00c0NH<\/td>\n<td>B\u1ea2O H\u00c0NH 36\u00a0TH\u00c1NG K\u1ec2 T\u1eea MUA ( KH\u00d4NG C\u00d3 CH\u1ebe \u0110\u1ed8 \u0110\u1ed4I M\u1edaI)<\/td>\n<\/tr>\n<tr>\n<td>&nbsp;<\/p>\n<p><strong>GI\u00c1 LIOA 10KVA 3 PHA<\/strong><\/td>\n<td><strong>GI\u00c1 B\u00c1N\u00a0\u1ed4N \u00c1P LIOA 10KVA\u00a03\u00a0PHA<\/strong>\u00a0MODEL SH3 &#8211; 10K ( 260V &#8211; 430V) L\u00c0 : 5.500.000VN\u0110<\/p>\n<p>( GI\u00c1 TR\u00caN \u0110\u00c3\u00a0BAO G\u1ed2M THU\u1ebe VAT 10%)<\/p>\n<div><\/div>\n<\/td>\n<\/tr>\n<\/tbody>\n<\/table>\n<h3><strong>Ghi ch\u00fa:\u00a0<\/strong><\/h3>\n<p>&#8211; Gi\u00e1 tr\u00ean \u0111\u00e3\u00a0bao g\u1ed3m thu\u1ebf vat 10%<\/p>\n<p>&#8211;\u00a0Giao h\u00e0ng mi\u1ec5n ph\u00ed tr\u00ean to\u00e0n qu\u1ed1c b\u1eb1ng h\u00ecnh th\u1ee9c:<\/p>\n<p>+ Nh\u00e2n vi\u00ean giao h\u00e0ng t\u1eadn n\u01a1i\u00a0v\u00e0 l\u1eafp \u0111\u1eb7t m\u00e1y \u0111\u1ed1i v\u1edbi kh\u00e1ch h\u00e0ng \u1edf HN\u00a0v\u00e0 HCM ho\u1eb7c c\u00e1ch HN v\u00e0 HCM kho\u1ea3ng 30Km<\/p>\n<p>+ Chuy\u1ec3n ph\u00e1t nhanh COD ho\u1eb7c g\u1eedi \u00f4 t\u00f4 v\u1edbi nh\u1eefng kh\u00e1ch h\u00e0ng \u1edf c\u00e1c t\u1ec9nh c\u00f2n l\u1ea1i<\/p>\n<p>&#8211; H\u00ecnh th\u1ee9c thanh to\u00e1n: Thanh to\u00e1n 100% ngay sau khi giao h\u00e0ng b\u1eb1ng ti\u1ec1n m\u1eb7t ho\u1eb7c chuy\u1ec3n kho\u1ea3n<\/p>\n<p>&#8211;<strong>\u00a0Lioa 10kva 3 pha\u00a0<\/strong>b\u1ea3o h\u00e0nh 36\u00a0th\u00e1ng\u00a0k\u1ec3 t\u1eeb ng\u00e0y mua<\/p>\n<p>&#8211; Cam k\u1ebft b\u00e1n h\u00e0ng ch\u00ednh h\u00e3ng m\u1edbi 100% c\u00f3 CO, CQ, H\u00f3a \u0111\u01a1n VAT n\u1ebfu qu\u00fd kh\u00e1ch y\u00eau c\u1ea7u<\/p>\n<h3><strong>C\u00f4ng Ty TNHH SX v\u00e0 Tm \u1ed4n \u00c1p Nh\u1eadt Linh \u2013 Vi\u1ec7t Nam<\/strong><\/h3>\n<p>Chuy\u00ean s\u1ea3n xu\u1ea5t v\u00e0 ph\u00e2n ph\u1ed1i c\u00e1c s\u1ea3n ph\u1ea9m Lioa<\/p>\n","protected":false},"excerpt":{"rendered":"<p>\u1ed4N \u00c1P LIOA 10KVA 3 PHA,\u00a0LIOA 3 PHA 10KVA\u00a0TH\u1ebe H\u1ec6 1 S\u01a0N M\u1ea6U N\u00c2U, \u0110\u1ed2NG H\u1ed2 C\u01a0 GI\u00c1 R\u1eba TH\u00d4NG S\u1ed0 K\u1ef8 THU\u1eacT\u00a0LIOA 10KVA 3 PHA\u00a0D\u1ea2I TH\u01af\u1edcNG\u00a0SH3 &#8211; 10K M\u00c3 S\u1ea2N PH\u1ea8M SH3 \u2013 10K \u0110I\u1ec6N \u00c1P V\u00c0O 3 PHA (V) 260V ~\u00a0430V \u0110I\u1ec6N \u00c1P RA 3 PHA ( V) 200V \u2013 380V\u00a0\u00b1\u00a02 &#8211; 3% [&hellip;]<\/p>\n","protected":false},"featured_media":480,"comment_status":"open","ping_status":"closed","template":"","meta":[],"product_brand":[],"product_cat":[46,63],"product_tag":[],"class_list":{"0":"post-479","1":"product","2":"type-product","3":"status-publish","4":"has-post-thumbnail","6":"product_cat-on-ap-lioa-3-pha-10kva","7":"product_cat-on-ap-lioa-3-pha-cu","9":"first","10":"instock","11":"shipping-taxable","12":"purchasable","13":"product-type-simple"},"_links":{"self":[{"href":"https:\/\/lioahanoi.com\/index.php?rest_route=\/wp\/v2\/product\/479","targetHints":{"allow":["GET"]}}],"collection":[{"href":"https:\/\/lioahanoi.com\/index.php?rest_route=\/wp\/v2\/product"}],"about":[{"href":"https:\/\/lioahanoi.com\/index.php?rest_route=\/wp\/v2\/types\/product"}],"replies":[{"embeddable":true,"href":"https:\/\/lioahanoi.com\/index.php?rest_route=%2Fwp%2Fv2%2Fcomments&post=479"}],"wp:featuredmedia":[{"embeddable":true,"href":"https:\/\/lioahanoi.com\/index.php?rest_route=\/wp\/v2\/media\/480"}],"wp:attachment":[{"href":"https:\/\/lioahanoi.com\/index.php?rest_route=%2Fwp%2Fv2%2Fmedia&parent=479"}],"wp:term":[{"taxonomy":"product_brand","embeddable":true,"href":"https:\/\/lioahanoi.com\/index.php?rest_route=%2Fwp%2Fv2%2Fproduct_brand&post=479"},{"taxonomy":"product_cat","embeddable":true,"href":"https:\/\/lioahanoi.com\/index.php?rest_route=%2Fwp%2Fv2%2Fproduct_cat&post=479"},{"taxonomy":"product_tag","embeddable":true,"href":"https:\/\/lioahanoi.com\/index.php?rest_route=%2Fwp%2Fv2%2Fproduct_tag&post=479"}],"curies":[{"name":"wp","href":"https:\/\/api.w.org\/{rel}","templated":true}]}}