{"id":486,"date":"2023-03-17T11:59:24","date_gmt":"2023-03-17T11:59:24","guid":{"rendered":"https:\/\/lioahanoi.com\/?post_type=product&#038;p=486"},"modified":"2025-05-10T22:41:42","modified_gmt":"2025-05-10T22:41:42","slug":"on-ap-lioa-2kva-2kw-ma-san-pham-sh-2000-ii-doi-moi-nhat","status":"publish","type":"product","link":"https:\/\/lioahanoi.com\/?product=on-ap-lioa-2kva-2kw-ma-san-pham-sh-2000-ii-doi-moi-nhat","title":{"rendered":"\u1ed4N \u00c1P LIOA 2KVA &#8211; 2KW M\u00c3 S\u1ea2N PH\u1ea8M SH &#8211; 2000 II \u0110\u1edcI M\u1edaI NH\u1ea4T"},"content":{"rendered":"<h2>\u1ed4N \u00c1P LIOA 2KVA 1 PHA, LIOA 2KW SH &#8211; 2000 \u0110\u1edcI M\u1edaI 2022 &#8211; 2023<\/h2>\n<p><strong>\u1ed4N \u00c1P LIOA 2KVA<\/strong>\u00a0M\u00c3 S\u1ea2N PH\u1ea8M SH &#8211; 2000 II,\u00a0<strong>LIOA 2KW<\/strong>\u00a0\u0110\u1edcI M\u1edaI NH\u1ea4T 2020\u00a0&#8211; 2021\u00a0D\u00c2Y \u0110\u1ed2NG 100%, M\u1ea6U GHI S\u00c1NG, B\u1ea2O H\u00c0NH 4 N\u0102M, L\u1eaeP \u0110\u1eb6T V\u1eacN CHUY\u1ec2N MI\u1ec4N PH\u00cd T\u1ea0I H\u00c0 N\u1ed8I V\u00c0 C\u00c1C T\u1ec8NH L\u00c2N C\u1eacN<\/p>\n<h3>TH\u00d4NG S\u1ed0 K\u1ef8 THU\u1eacT \u1ed4N \u00c1P LIOA 2KVA &#8211; 2000W SH &#8211; 2000 II\u00a0NH\u01af SAU:<\/h3>\n<p>&#8211; M\u00e3 s\u1ea3n ph\u1ea9m: SH &#8211; 2000 II<\/p>\n<p>&#8211; \u0110i\u1ec7n \u00e1p v\u00e0o 1 pha: 130V ~ 250V<\/p>\n<p>&#8211; \u0110i\u1ec7n \u00e1p ra 1 pha: 100V &#8211; 110V \u2013 220V<\/p>\n<p>&#8211; K\u00edch th\u01b0\u1edbc (DxRxC)mm: (285x208x218)mm<\/p>\n<p>&#8211; Tr\u1ecdng l\u01b0\u01a1ng: 9.6Kg<\/p>\n<p>&#8211; T\u1ea7n s\u1ed1: 49Hz \u2013 62Hz<\/p>\n<p>&#8211; Th\u1eddi gian \u0111\u00e1p \u1ee9ng \u0111i\u1ec7n \u00e1p v\u1edbi 10% \u0111i\u1ec7n \u00e1p \u0111\u1ea7u v\u00e0o thay \u0111\u1ed5i: 0.4s<\/p>\n<p>&#8211; B\u1ea3o v\u1ec7 qu\u00e1 t\u1ea3i, ch\u1eadp t\u1ea3i, ng\u1eafn m\u1ea1ch, qu\u00e1 \u00e1p : B\u1eb1ng Aptomat<\/p>\n<p>&#8211; Bi\u1ebfn \u00e1p t\u1ea3i: D\u00e2y \u0111\u1ed3ng nguy\u00ean ch\u1ea5t 100%<\/p>\n<p>&#8211; M\u1ea7u s\u1eafc\u00a0<strong>lioa 2kva\u00a0<\/strong>\u0111\u1eddi 2021\u00a0&#8211; 2021\u00a0: M\u1ea7u ghi s\u00e1ng<\/p>\n<p>&#8211; S\u1ed1 Aptomat: 01 C\u00e1i ( B\u1ea3o v\u1ec7 qu\u00e1 t\u1ea3i, ng\u1eafn m\u1ea1ch, qu\u00e1 \u00e1p)<\/p>\n<p>&#8211; D\u00f2ng c\u1ef1c \u0111\u1ea1i : 10A<\/p>\n<p>&#8211; \u0110\u1ed3ng h\u1ed3 \u0111o \u0111i\u1ec7n \u00e1p (V): C\u00f3 ( \u0110o \u0111i\u1ec7n \u00e1p \u0111\u1ea7u ra)<\/p>\n<p>&#8211; \u0110i\u1ec7n \u00e1p ra: \u0110i\u1ec7n \u00e1p l\u1ea5y ra 03\u00a0\u1ed5 c\u1eafm tr\u01b0\u1edbc m\u1eb7t m\u00e1y ho\u1eb7c 02 c\u1ecdc \u0111\u1ea5u sau m\u00e1y<\/p>\n<p>&#8211; Nhi\u1ec7t \u0111\u1ed9 m\u00f4i tr\u01b0\u1eddng: &#8211; 5 \u0111\u1ed9 C \u0111\u1ebfn + 40 \u0111\u1ed9 C<\/p>\n<p>&#8211; Nguy\u00ean l\u00fd \u0111i\u1ec1u khi\u1ec3n: \u0110\u1ed9ng c\u01a1 m\u00f4 t\u01a1 12V<\/p>\n<p>&#8211;\u00a0<strong>\u1ed4n \u00e1p lioa 2kva\u00a0<\/strong>c\u00f3 t\u00e1c d\u1ee5ng :<\/p>\n<p>+ Lu\u00f4n \u1ed5n \u0111\u1ecbnh \u00e1p \u0111\u1ea7u ra l\u00e0 220v \u2013 110v gi\u00fap cho thi\u1ebft b\u1ecb \u0111i\u1ec7n ph\u00e1t huy \u0111\u01b0\u1ee3c h\u1ebft c\u00e1c t\u00e1c d\u1ee5ng, n\u00e2ng cao tu\u1ed5i th\u1ecd<\/p>\n<p>+ B\u1ea3o v\u1ec7 qu\u00e1 t\u1ea3i, ng\u1eafn m\u1ea1ch b\u1eb1ng aptomat n\u00ean c\u00e1c thi\u1ebft b\u1ecb \u0111i\u1ec7n \u0111\u01b0\u1ee3c b\u1ea3o v\u1ec7 an to\u00e0n tuy\u1ec7t \u0111\u1ed1i kh\u00f4ng lo b\u1ecb s\u1ef1 c\u1ed1 v\u1ec1 \u0111i\u1ec7n<\/p>\n<p>+ B\u1ea3o v\u1ec7 qu\u00e1 \u00e1p b\u1eb1ng m\u1ea1ch \u0111i\u1ec1u khi\u1ec3n Aptomat n\u00ean c\u00e1c c\u00e1c thi\u1ebft b\u1ecb \u0111i\u1ec7n \u0111\u01b0\u1ee3c b\u1ea3o v\u1ec7 tuy\u1ec7t \u0111\u1ed1i kh\u00f4ng lo b\u1ecb ch\u00e1y do \u0111i\u1ec7n \u00e1p \u0111\u1ea7u ra t\u0103ng cao<\/p>\n<p>+\u00a0<strong>Lioa 2kva<\/strong>\u00a0d\u00f9ng \u1edf c\u00e1c khu v\u1ef1c \u0111i\u1ec7n \u00e1p \u0111\u1ea7u v\u00e0o t\u01b0\u01a1ng \u0111\u1ed1i \u1ed5n \u0111\u1ecbnh giao \u0111\u1ed9ng t\u1eeb 130v ~ 250v<\/p>\n<p>+ D\u00f9ng\u00a0t\u1ed1t cho m\u00e1y gi\u1eb7t, m\u00e1y photocopy, \u0111i\u1ec1u h\u00f2a 9btu, \u00e2m ly &#8230;vvv&#8230; v\u00e0 c\u00e1c thi\u1ebft b\u1ecb \u0111i\u1ec7n c\u00f3 c\u00f4ng su\u1ea5t &lt; 1700w<\/p>\n<p>vvv&#8230;.vvvv<\/p>\n<h3><strong>Ghi ch\u00fa:\u00a0<\/strong><\/h3>\n<div>\n<p>&#8211; Gi\u00e1 tr\u00ean ch\u01b0a\u00a0bao g\u1ed3m thu\u1ebf vat 10%<\/p>\n<p>&#8211; Giao h\u00e0ng mi\u1ec5n ph\u00ed \u00a0v\u1edbi kh\u00e1ch h\u00e0ng t\u1ea1i\u00a0Th\u00e0nh Ph\u1ed1 H\u00e0 N\u1ed9i v\u00e0 Th\u00e0nh Ph\u1ed1 H\u1ed3 Ch\u00ed Minh , v\u1edbi kh\u00e1ch h\u00e0ng \u1edf c\u00e1c t\u1ec9nh l\u00e2n c\u1eadn \u00a0H\u00e0 N\u1ed9i v\u00e0 TPHCM\u00a0ch\u00fang t\u00f4i c\u00f3 th\u1ec3 g\u1eedi h\u00e0ng t\u1ea1i c\u00e1c b\u1ebfn xe, chuy\u1ec3n ph\u00e1t nhanh theo y\u00eau c\u1ea7u<\/p>\n<p>&#8211; H\u00ecnh th\u1ee9c thanh to\u00e1n: Thanh to\u00e1n 100% ngay sau khi giao h\u00e0ng b\u1eb1ng ti\u1ec1n m\u1eb7t ho\u1eb7c chuy\u1ec3n kho\u1ea3n<\/p>\n<p>&#8211;\u00a0<a href=\"https:\/\/lioanhatlinh.net.vn\/lioa-2kva\"><strong>\u1ed4n \u00e1p\u00a0lioa 2kva<\/strong>\u00a0<\/a>b\u1ea3o h\u00e0nh 48\u00a0th\u00e1ng\u00a0k\u1ec3 t\u1eeb ng\u00e0y s\u1ea3n xu\u1ea5t, 06 th\u00e1ng \u0111\u1ea7u m\u00e1y h\u1ecfng \u0111\u1ed5i m\u00e1y m\u1edbi<\/p>\n<p>&#8211; Cam k\u1ebft b\u00e1n h\u00e0ng ch\u00ednh h\u00e3ng m\u1edbi 100% c\u00f3 CO, CQ, H\u00f3a \u0111\u01a1n VAT n\u1ebfu qu\u00fd kh\u00e1ch y\u00eau c\u1ea7u<\/p>\n<div>\n<h3><strong>C\u00f4ng Ty TNHH SX v\u00e0 Tm \u1ed4n \u00c1p Nh\u1eadt Linh \u2013 Vi\u1ec7t Nam<\/strong><\/h3>\n<p>Chuy\u00ean s\u1ea3n xu\u1ea5t v\u00e0 ph\u00e2n ph\u1ed1i c\u00e1c s\u1ea3n ph\u1ea9m Lioa<\/p>\n<\/div>\n<\/div>\n<div class=\"ddict_btn\" style=\"top: 207px; left: 210.984px;\"><img decoding=\"async\" src=\"chrome-extension:\/\/bpggmmljdiliancllaapiggllnkbjocb\/logo\/48.png\" \/><\/div>\n","protected":false},"excerpt":{"rendered":"<p>\u1ed4N \u00c1P LIOA 2KVA 1 PHA, LIOA 2KW SH &#8211; 2000 \u0110\u1edcI M\u1edaI 2022 &#8211; 2023 \u1ed4N \u00c1P LIOA 2KVA\u00a0M\u00c3 S\u1ea2N PH\u1ea8M SH &#8211; 2000 II,\u00a0LIOA 2KW\u00a0\u0110\u1edcI M\u1edaI NH\u1ea4T 2020\u00a0&#8211; 2021\u00a0D\u00c2Y \u0110\u1ed2NG 100%, M\u1ea6U GHI S\u00c1NG, B\u1ea2O H\u00c0NH 4 N\u0102M, L\u1eaeP \u0110\u1eb6T V\u1eacN CHUY\u1ec2N MI\u1ec4N PH\u00cd T\u1ea0I H\u00c0 N\u1ed8I V\u00c0 C\u00c1C T\u1ec8NH L\u00c2N C\u1eacN TH\u00d4NG [&hellip;]<\/p>\n","protected":false},"featured_media":487,"comment_status":"open","ping_status":"closed","template":"","meta":[],"product_brand":[],"product_cat":[29],"product_tag":[],"class_list":{"0":"post-486","1":"product","2":"type-product","3":"status-publish","4":"has-post-thumbnail","6":"product_cat-lioa-2kva","8":"first","9":"instock","10":"sale","11":"shipping-taxable","12":"purchasable","13":"product-type-simple"},"_links":{"self":[{"href":"https:\/\/lioahanoi.com\/index.php?rest_route=\/wp\/v2\/product\/486","targetHints":{"allow":["GET"]}}],"collection":[{"href":"https:\/\/lioahanoi.com\/index.php?rest_route=\/wp\/v2\/product"}],"about":[{"href":"https:\/\/lioahanoi.com\/index.php?rest_route=\/wp\/v2\/types\/product"}],"replies":[{"embeddable":true,"href":"https:\/\/lioahanoi.com\/index.php?rest_route=%2Fwp%2Fv2%2Fcomments&post=486"}],"wp:featuredmedia":[{"embeddable":true,"href":"https:\/\/lioahanoi.com\/index.php?rest_route=\/wp\/v2\/media\/487"}],"wp:attachment":[{"href":"https:\/\/lioahanoi.com\/index.php?rest_route=%2Fwp%2Fv2%2Fmedia&parent=486"}],"wp:term":[{"taxonomy":"product_brand","embeddable":true,"href":"https:\/\/lioahanoi.com\/index.php?rest_route=%2Fwp%2Fv2%2Fproduct_brand&post=486"},{"taxonomy":"product_cat","embeddable":true,"href":"https:\/\/lioahanoi.com\/index.php?rest_route=%2Fwp%2Fv2%2Fproduct_cat&post=486"},{"taxonomy":"product_tag","embeddable":true,"href":"https:\/\/lioahanoi.com\/index.php?rest_route=%2Fwp%2Fv2%2Fproduct_tag&post=486"}],"curies":[{"name":"wp","href":"https:\/\/api.w.org\/{rel}","templated":true}]}}