{"id":505,"date":"2023-03-17T12:36:50","date_gmt":"2023-03-17T12:36:50","guid":{"rendered":"https:\/\/lioahanoi.com\/?post_type=product&#038;p=505"},"modified":"2025-08-26T18:54:50","modified_gmt":"2025-08-26T18:54:50","slug":"on-ap-lioa-15kva-15kw-sh-15000-ii-doi-moi-nhat-2022-2023-day-dong-100","status":"publish","type":"product","link":"https:\/\/lioahanoi.com\/?product=on-ap-lioa-15kva-15kw-sh-15000-ii-doi-moi-nhat-2022-2023-day-dong-100","title":{"rendered":"\u1ed4n \u00c1p 1 Pha SH &#8211; 15kVA H\u00e0ng M\u1edbi \u2013 Gi\u1ea3i Ph\u00e1p \u0110i\u1ec7n \u00c1p \u1ed4n \u0110\u1ecbnh, Ch\u1ea5t L\u01b0\u1ee3ng Cao"},"content":{"rendered":"<h3><strong>Gi\u1edbi thi\u1ec7u s\u1ea3n ph\u1ea9m<\/strong><\/h3>\n<p>\u1ed4n \u00e1p 1 pha SH &#8211; 15kVA H\u00e0ng M\u1edbi l\u00e0 gi\u1ea3i ph\u00e1p ho\u00e0n h\u1ea3o gi\u00fap \u1ed5n \u0111\u1ecbnh ngu\u1ed3n \u0111i\u1ec7n, b\u1ea3o v\u1ec7 c\u00e1c thi\u1ebft b\u1ecb \u0111i\u1ec7n c\u1ee7a b\u1ea1n kh\u1ecfi s\u1ef1 thay \u0111\u1ed5i \u0111\u1ed9t ng\u1ed9t c\u1ee7a \u0111i\u1ec7n \u00e1p. V\u1edbi thi\u1ebft k\u1ebf hi\u1ec7n \u0111\u1ea1i v\u00e0 c\u00f4ng ngh\u1ec7 ti\u00ean ti\u1ebfn, \u1ed5n \u00e1p SH &#8211; 15kVA \u0111\u1ea3m b\u1ea3o cung c\u1ea5p \u0111i\u1ec7n \u00e1p \u1ed5n \u0111\u1ecbnh t\u1eeb 150V \u0111\u1ebfn 250V v\u00e0 \u0111\u1ea7u ra 220V v\u00e0 110V, gi\u00fap b\u1ea3o v\u1ec7 c\u00e1c thi\u1ebft b\u1ecb \u0111i\u1ec7n t\u1eed v\u00e0 thi\u1ebft b\u1ecb gia d\u1ee5ng m\u1ed9t c\u00e1ch hi\u1ec7u qu\u1ea3. \u0110\u00e2y l\u00e0 s\u1ea3n ph\u1ea9m kh\u00f4ng th\u1ec3 thi\u1ebfu cho c\u00e1c gia \u0111\u00ecnh v\u00e0 v\u0103n ph\u00f2ng hi\u1ec7n \u0111\u1ea1i.<\/p>\n<hr \/>\n<h3><strong>Th\u00f4ng s\u1ed1 k\u1ef9 thu\u1eadt<\/strong><\/h3>\n<ul>\n<li><strong>M\u00e3 s\u1ea3n ph\u1ea9m<\/strong>: SH &#8211; 15kVA<\/li>\n<li><strong>\u0110i\u1ec7n \u00e1p v\u00e0o<\/strong>: 150V ~ 250V<\/li>\n<li><strong>\u0110i\u1ec7n \u00e1p ra<\/strong>: 220V v\u00e0 110V<\/li>\n<li><strong>C\u00f4ng su\u1ea5t<\/strong>: 15kVA<\/li>\n<li><strong>K\u00edch th\u01b0\u1edbc<\/strong>: 562x312x510 (DxRxC mm)<\/li>\n<li><strong>Tr\u1ecdng l\u01b0\u1ee3ng<\/strong>: 54,2kg<\/li>\n<\/ul>\n<hr \/>\n<h3><strong>\u01afu \u0111i\u1ec3m n\u1ed5i b\u1eadt<\/strong><\/h3>\n<ol>\n<li><strong>\u1ed4n \u0111\u1ecbnh \u0111i\u1ec7n \u00e1p<\/strong>: \u0110i\u1ec1u ch\u1ec9nh v\u00e0 cung c\u1ea5p \u0111i\u1ec7n \u00e1p \u1ed5n \u0111\u1ecbnh cho c\u00e1c thi\u1ebft b\u1ecb \u0111i\u1ec7n, b\u1ea3o v\u1ec7 c\u00e1c thi\u1ebft b\u1ecb kh\u1ecfi s\u1ef1 thay \u0111\u1ed5i \u0111\u1ed9t ng\u1ed9t c\u1ee7a \u0111i\u1ec7n \u00e1p.<\/li>\n<li><strong>C\u00f4ng su\u1ea5t m\u1ea1nh m\u1ebd<\/strong>: V\u1edbi c\u00f4ng su\u1ea5t 15kVA, s\u1ea3n ph\u1ea9m ph\u00f9 h\u1ee3p v\u1edbi c\u00e1c thi\u1ebft b\u1ecb c\u00f3 c\u00f4ng su\u1ea5t l\u1edbn nh\u01b0 m\u00e1y t\u00ednh, tivi, m\u00e1y l\u1ea1nh, v\u00e0 c\u00e1c thi\u1ebft b\u1ecb gia d\u1ee5ng kh\u00e1c.<\/li>\n<li><strong>Thi\u1ebft k\u1ebf ch\u1eafc ch\u1eafn<\/strong>: K\u00edch th\u01b0\u1edbc nh\u1ecf g\u1ecdn, d\u1ec5 d\u00e0ng v\u1eadn h\u00e0nh v\u00e0 l\u1eafp \u0111\u1eb7t.<\/li>\n<li><strong>B\u1ea3o v\u1ec7 thi\u1ebft b\u1ecb \u0111i\u1ec7n<\/strong>: Gi\u1ea3m thi\u1ec3u h\u01b0 h\u1ecfng cho c\u00e1c thi\u1ebft b\u1ecb \u0111i\u1ec7n trong m\u00f4i tr\u01b0\u1eddng c\u00f3 ngu\u1ed3n \u0111i\u1ec7n kh\u00f4ng \u1ed5n \u0111\u1ecbnh.<\/li>\n<li><strong>Gi\u00e1 h\u1ee3p l\u00fd<\/strong>: Ch\u1ec9 v\u1edbi <strong>10,800,000\u0111<\/strong>, b\u1ea1n c\u00f3 th\u1ec3 s\u1edf h\u1eefu s\u1ea3n ph\u1ea9m v\u1edbi ch\u1ea5t l\u01b0\u1ee3ng cao v\u00e0 b\u1ea3o v\u1ec7 thi\u1ebft b\u1ecb \u0111i\u1ec7n c\u1ee7a m\u00ecnh hi\u1ec7u qu\u1ea3.<\/li>\n<\/ol>\n<hr \/>\n<h3><strong>\u1ee8ng d\u1ee5ng s\u1ea3n ph\u1ea9m<\/strong><\/h3>\n<ul>\n<li><strong>Gia \u0111\u00ecnh<\/strong>: D\u00f9ng \u0111\u1ec3 cung c\u1ea5p \u0111i\u1ec7n \u1ed5n \u0111\u1ecbnh cho c\u00e1c thi\u1ebft b\u1ecb gia d\u1ee5ng nh\u01b0 tivi, m\u00e1y t\u00ednh, m\u00e1y l\u1ea1nh, v.v.<\/li>\n<li><strong>V\u0103n ph\u00f2ng<\/strong>: S\u1eed d\u1ee5ng cho c\u00e1c thi\u1ebft b\u1ecb v\u0103n ph\u00f2ng nh\u01b0 m\u00e1y t\u00ednh, m\u00e1y in, m\u00e1y chi\u1ebfu, v.v.<\/li>\n<li><strong>C\u01a1 s\u1edf s\u1ea3n xu\u1ea5t<\/strong>: \u1ee8ng d\u1ee5ng cho c\u00e1c thi\u1ebft b\u1ecb y\u00eau c\u1ea7u ngu\u1ed3n \u0111i\u1ec7n \u1ed5n \u0111\u1ecbnh, tr\u00e1nh gi\u00e1n \u0111o\u1ea1n trong qu\u00e1 tr\u00ecnh s\u1ea3n xu\u1ea5t.<\/li>\n<\/ul>\n<hr \/>\n<h3><strong>Gi\u00e1 b\u00e1n<\/strong><\/h3>\n<ul>\n<li><strong>Gi\u00e1 \u01b0u \u0111\u00e3i<\/strong>: <strong>10,800,000\u0111<\/strong><\/li>\n<\/ul>\n<hr \/>\n<h3><strong>Li\u00ean h\u1ec7 ngay \u0111\u1ec3 mua h\u00e0ng<\/strong><\/h3>\n<ul>\n<li><strong>Tr\u1ee5 s\u1edf ch\u00ednh<\/strong>: S\u1ed1 1031 Gi\u1ea3i Ph\u00f3ng, Ho\u00e0ng Mai, H\u00e0 N\u1ed9i<\/li>\n<li><strong>C\u01a1 s\u1edf 2<\/strong>: S\u1ed1 195 Quang Trung, H\u00e0 \u0110\u00f4ng, H\u00e0 N\u1ed9i<\/li>\n<li><strong>C\u01a1 s\u1edf 3<\/strong>: S\u1ed1 10 Xa La, Ph\u00fac La, H\u00e0 \u0110\u00f4ng, H\u00e0 N\u1ed9i<\/li>\n<li><strong>C\u01a1 s\u1edf 4<\/strong>: B1.1 LK05-03 K\u0110T Thanh H\u00e0, H\u00e0 \u0110\u00f4ng, H\u00e0 N\u1ed9i<\/li>\n<li><strong>Hotline<\/strong>: 0988.230.699 \u2013 094.333.0240<\/li>\n<li><strong>Email<\/strong>: <a rel=\"noopener\">admin@lioahanoi.com<\/a><\/li>\n<\/ul>\n<p>\u0110\u1eebng b\u1ecf l\u1ee1 c\u01a1 h\u1ed9i s\u1edf h\u1eefu <strong>\u1ed4n \u00c1p 1 Pha SH &#8211; 15kVA<\/strong> H\u00e0ng M\u1edbi v\u1edbi m\u1ee9c gi\u00e1 \u01b0u \u0111\u00e3i v\u00e0 b\u1ea3o v\u1ec7 thi\u1ebft b\u1ecb \u0111i\u1ec7n c\u1ee7a b\u1ea1n m\u1ed9t c\u00e1ch hi\u1ec7u qu\u1ea3!<\/p>\n","protected":false},"excerpt":{"rendered":"<p>\u1ed4n \u00e1p 1 pha SH &#8211; 15kVA l\u00e0 thi\u1ebft b\u1ecb cung c\u1ea5p \u0111i\u1ec7n \u00e1p \u1ed5n \u0111\u1ecbnh cho c\u00e1c thi\u1ebft b\u1ecb \u0111i\u1ec7n trong m\u00f4i tr\u01b0\u1eddng c\u00f3 ngu\u1ed3n \u0111i\u1ec7n kh\u00f4ng \u1ed5n \u0111\u1ecbnh. V\u1edbi c\u00f4ng su\u1ea5t 15kVA, gi\u00e1 ch\u1ec9 <strong>10,800,000\u0111<\/strong>, s\u1ea3n ph\u1ea9m l\u00fd t\u01b0\u1edfng cho c\u00e1c gia \u0111\u00ecnh v\u00e0 v\u0103n ph\u00f2ng.<\/p>\n","protected":false},"featured_media":928,"comment_status":"open","ping_status":"closed","template":"","meta":[],"product_brand":[],"product_cat":[34],"product_tag":[],"class_list":{"0":"post-505","1":"product","2":"type-product","3":"status-publish","4":"has-post-thumbnail","6":"product_cat-lioa-15kva","8":"first","9":"instock","10":"shipping-taxable","11":"purchasable","12":"product-type-simple"},"_links":{"self":[{"href":"https:\/\/lioahanoi.com\/index.php?rest_route=\/wp\/v2\/product\/505","targetHints":{"allow":["GET"]}}],"collection":[{"href":"https:\/\/lioahanoi.com\/index.php?rest_route=\/wp\/v2\/product"}],"about":[{"href":"https:\/\/lioahanoi.com\/index.php?rest_route=\/wp\/v2\/types\/product"}],"replies":[{"embeddable":true,"href":"https:\/\/lioahanoi.com\/index.php?rest_route=%2Fwp%2Fv2%2Fcomments&post=505"}],"wp:featuredmedia":[{"embeddable":true,"href":"https:\/\/lioahanoi.com\/index.php?rest_route=\/wp\/v2\/media\/928"}],"wp:attachment":[{"href":"https:\/\/lioahanoi.com\/index.php?rest_route=%2Fwp%2Fv2%2Fmedia&parent=505"}],"wp:term":[{"taxonomy":"product_brand","embeddable":true,"href":"https:\/\/lioahanoi.com\/index.php?rest_route=%2Fwp%2Fv2%2Fproduct_brand&post=505"},{"taxonomy":"product_cat","embeddable":true,"href":"https:\/\/lioahanoi.com\/index.php?rest_route=%2Fwp%2Fv2%2Fproduct_cat&post=505"},{"taxonomy":"product_tag","embeddable":true,"href":"https:\/\/lioahanoi.com\/index.php?rest_route=%2Fwp%2Fv2%2Fproduct_tag&post=505"}],"curies":[{"name":"wp","href":"https:\/\/api.w.org\/{rel}","templated":true}]}}