{"id":562,"date":"2023-03-17T16:12:59","date_gmt":"2023-03-17T16:12:59","guid":{"rendered":"https:\/\/lioahanoi.com\/?post_type=product&#038;p=562"},"modified":"2026-03-29T09:05:55","modified_gmt":"2026-03-29T09:05:55","slug":"on-ap-lioa-1200kva-3-pha-model-nm-1200k-3ii","status":"publish","type":"product","link":"https:\/\/lioahanoi.com\/?product=on-ap-lioa-1200kva-3-pha-model-nm-1200k-3ii","title":{"rendered":"\u1ed4N \u00c1P LIOA 1200KVA 3 PHA MODEL NM &#8211; 1200K\/3II"},"content":{"rendered":"<h3><strong>\u1ed4N \u00c1P LIOA 1200KVA 3 PHA<\/strong>,\u00a0<strong>LIOA 3 PHA 1200KW\u00a0<\/strong>MODEL NM\u00a0&#8211; 1200K\/3II \u0110\u1edcI M\u1edaI NH\u1ea4T<\/h3>\n<p>&nbsp;<\/p>\n<h3>TH\u00d4NG S\u1ed0 K\u1ef8 THU\u1eacT\u00a0<strong>\u1ed4N \u00c1P LIOA 1200KW 3 PHA\u00a0<\/strong>\u0110\u1edcI M\u1edaI NH\u1ea4T NH\u01af SAU<\/h3>\n<p>&#8211; M\u00e3 s\u1ea3n ph\u1ea9m: NM &#8211; 1200K\/3II<\/p>\n<p>&#8211; \u0110i\u1ec7n \u00e1p v\u00e0o 3\u00a0pha: 304v\u00a0~ 420v<\/p>\n<p>&#8211; \u0110i\u1ec7n \u00e1p ra 3\u00a0pha: 380V<\/p>\n<p>&#8211; C\u00f4ng su\u1ea5t: 1200kva<\/p>\n<p>&#8211; K\u00edch th\u01b0\u1edbc (DxRxC)mm: (2100x860x1200) x 3 m\u00e1y<\/p>\n<p>&#8211; Tr\u1ecdng l\u01b0\u01a1ng: 3120Kg<\/p>\n<p>&#8211; T\u1ea7n s\u1ed1: 49Hz \u2013 62Hz<\/p>\n<p>&#8211; Th\u1eddi gian \u0111\u00e1p \u1ee9ng \u0111i\u1ec7n \u00e1p v\u1edbi 10% \u0111i\u1ec7n \u00e1p \u0111\u1ea7u v\u00e0o thay \u0111\u1ed5i: 2.5s<\/p>\n<p>&#8211; B\u1ea3o v\u1ec7 qu\u00e1 t\u1ea3i, ch\u1eadp t\u1ea3i, ng\u1eafn m\u1ea1ch, qu\u00e1 \u00e1p : B\u1eb1ng Aptomat<\/p>\n<p>&#8211; Bi\u1ebfn \u00e1p t\u1ea3i:\u00a0<strong>Lioa 3 pha 1200kva\u00a0<\/strong>c\u00f3 bi\u1ebfn \u00e1p t\u1ea3i qu\u1ea5n d\u00e2y \u0111\u1ed3ng nguy\u00ean ch\u1ea5t 100%<\/p>\n<p>&#8211; M\u1ea7u s\u1eafc: M\u1ea7u ghi s\u00e1ng<\/p>\n<p>&#8211; S\u1ed1 Aptomat: 01\u00a0C\u00e1i ( B\u1ea3o v\u1ec7 qu\u00e1 t\u1ea3i, ng\u1eafn m\u1ea1ch )<\/p>\n<p>&#8211; D\u00f2ng c\u1ef1c \u0111\u1ea1i : 2000A<\/p>\n<p>&#8211; \u0110\u1ed3ng h\u1ed3 \u0111o \u0111i\u1ec7n \u00e1p (V): C\u00f3 ( \u0110o \u0111i\u1ec7n \u00e1p \u0111\u1ea7u ra\u00a0b\u1eb1ng \u0111\u1ed3ng h\u1ed3 \u0111i\u1ec7n t\u1eed n\u00ean r\u1ea5t r\u1ec5 quan s\u00e1t)<\/p>\n<p>&#8211; \u0110\u1ed3ng h\u1ed3 \u0111o d\u00f2ng \u0111i\u1ec7n ( A) : C\u00f3 ( \u0110o d\u00f2ng \u0111i\u1ec7n \u0111\u1ea7u ra\u00a0b\u1eb1ng \u0111\u1ed3ng h\u1ed3 \u0111i\u1ec7n t\u1eed n\u00ean r\u1ea5t r\u1ec5 quan s\u00e1t)<\/p>\n<p>&#8211; Nhi\u1ec7t \u0111\u1ed9 m\u00f4i tr\u01b0\u1eddng: &#8211; 5 \u0111\u1ed9 C \u0111\u1ebfn + 40 \u0111\u1ed9 C<\/p>\n<p>&#8211; Nguy\u00ean l\u00fd \u0111i\u1ec1u khi\u1ec3n: \u0110\u1ed9ng c\u01a1 m\u00f4 t\u01a1 12V<\/p>\n<p>&#8211;\u00a0<strong>Lioa 1200kva<\/strong>\u00a0c\u00f3 t\u00e1c d\u1ee5ng :<\/p>\n<p>+ Lu\u00f4n \u1ed5n \u0111\u1ecbnh \u00e1p \u0111\u1ea7u ra 3 pha l\u00e0 380v gi\u00fap cho thi\u1ebft b\u1ecb \u0111i\u1ec7n ph\u00e1t huy \u0111\u01b0\u1ee3c h\u1ebft c\u00e1c t\u00e1c d\u1ee5ng, n\u00e2ng cao tu\u1ed5i th\u1ecd<\/p>\n<p>+ B\u1ea3o v\u1ec7 qu\u00e1 t\u1ea3i, ng\u1eafn m\u1ea1ch b\u1eb1ng aptomat n\u00ean c\u00e1c thi\u1ebft b\u1ecb \u0111i\u1ec7n \u0111\u01b0\u1ee3c b\u1ea3o v\u1ec7 an to\u00e0n tuy\u1ec7t \u0111\u1ed1i kh\u00f4ng lo b\u1ecb s\u1ef1 c\u1ed1 v\u1ec1 \u0111i\u1ec7n<\/p>\n","protected":false},"excerpt":{"rendered":"<p>\u1ed4N \u00c1P LIOA 1200KVA 3 PHA,\u00a0LIOA 3 PHA 1200KW\u00a0MODEL NM\u00a0&#8211; 1200K\/3II \u0110\u1edcI M\u1edaI NH\u1ea4T &nbsp; TH\u00d4NG S\u1ed0 K\u1ef8 THU\u1eacT\u00a0\u1ed4N \u00c1P LIOA 1200KW 3 PHA\u00a0\u0110\u1edcI M\u1edaI NH\u1ea4T NH\u01af SAU &#8211; M\u00e3 s\u1ea3n ph\u1ea9m: NM &#8211; 1200K\/3II &#8211; \u0110i\u1ec7n \u00e1p v\u00e0o 3\u00a0pha: 304v\u00a0~ 420v &#8211; \u0110i\u1ec7n \u00e1p ra 3\u00a0pha: 380V &#8211; C\u00f4ng su\u1ea5t: 1200kva &#8211; K\u00edch th\u01b0\u1edbc [&hellip;]<\/p>\n","protected":false},"featured_media":563,"comment_status":"open","ping_status":"closed","template":"","meta":[],"product_brand":[],"product_cat":[62],"product_tag":[],"class_list":{"0":"post-562","1":"product","2":"type-product","3":"status-publish","4":"has-post-thumbnail","6":"product_cat-on-ap-lioa-3-pha-1200kva","8":"first","9":"instock","10":"sale","11":"shipping-taxable","12":"purchasable","13":"product-type-simple"},"_links":{"self":[{"href":"https:\/\/lioahanoi.com\/index.php?rest_route=\/wp\/v2\/product\/562","targetHints":{"allow":["GET"]}}],"collection":[{"href":"https:\/\/lioahanoi.com\/index.php?rest_route=\/wp\/v2\/product"}],"about":[{"href":"https:\/\/lioahanoi.com\/index.php?rest_route=\/wp\/v2\/types\/product"}],"replies":[{"embeddable":true,"href":"https:\/\/lioahanoi.com\/index.php?rest_route=%2Fwp%2Fv2%2Fcomments&post=562"}],"wp:featuredmedia":[{"embeddable":true,"href":"https:\/\/lioahanoi.com\/index.php?rest_route=\/wp\/v2\/media\/563"}],"wp:attachment":[{"href":"https:\/\/lioahanoi.com\/index.php?rest_route=%2Fwp%2Fv2%2Fmedia&parent=562"}],"wp:term":[{"taxonomy":"product_brand","embeddable":true,"href":"https:\/\/lioahanoi.com\/index.php?rest_route=%2Fwp%2Fv2%2Fproduct_brand&post=562"},{"taxonomy":"product_cat","embeddable":true,"href":"https:\/\/lioahanoi.com\/index.php?rest_route=%2Fwp%2Fv2%2Fproduct_cat&post=562"},{"taxonomy":"product_tag","embeddable":true,"href":"https:\/\/lioahanoi.com\/index.php?rest_route=%2Fwp%2Fv2%2Fproduct_tag&post=562"}],"curies":[{"name":"wp","href":"https:\/\/api.w.org\/{rel}","templated":true}]}}