{"id":971,"date":"2025-03-21T12:56:50","date_gmt":"2025-03-21T12:56:50","guid":{"rendered":"https:\/\/lioahanoi.com\/?post_type=product&#038;p=971"},"modified":"2026-02-23T07:21:32","modified_gmt":"2026-02-23T07:21:32","slug":"on-ap-lioa-3-pha-sh3-30kva-dam-bao-nguon-dien-on-dinh-cho-san-xuat","status":"publish","type":"product","link":"https:\/\/lioahanoi.com\/?product=on-ap-lioa-3-pha-sh3-30kva-dam-bao-nguon-dien-on-dinh-cho-san-xuat","title":{"rendered":"\u1ed4n \u00c1p Lioa 3 Pha SH3 &#8211; 30kVA &#8211; \u0110\u1ea3m B\u1ea3o Ngu\u1ed3n \u0110i\u1ec7n \u1ed4n \u0110\u1ecbnh Cho S\u1ea3n Xu\u1ea5t"},"content":{"rendered":"<h3 data-start=\"340\" data-end=\"368\">\ud83d\udd39 Gi\u1edbi Thi\u1ec7u S\u1ea3n Ph\u1ea9m<\/h3>\n<p data-start=\"369\" data-end=\"596\">\u1ed4n \u00e1p Lioa 3 pha SH3 &#8211; 30kVA gi\u00fap \u1ed5n \u0111\u1ecbnh \u0111i\u1ec7n \u00e1p, b\u1ea3o v\u1ec7 c\u00e1c thi\u1ebft b\u1ecb \u0111i\u1ec7n kh\u1ecfi t\u00e1c \u0111\u1ed9ng c\u1ee7a ngu\u1ed3n \u0111i\u1ec7n kh\u00f4ng \u1ed5n \u0111\u1ecbnh. \u0110\u00e2y l\u00e0 gi\u1ea3i ph\u00e1p ho\u00e0n h\u1ea3o cho h\u1ec7 th\u1ed1ng \u0111i\u1ec7n trong c\u00f4ng nghi\u1ec7p, gi\u00fap \u0111\u1ea3m b\u1ea3o v\u1eadn h\u00e0nh li\u00ean t\u1ee5c v\u00e0 an to\u00e0n.<\/p>\n<hr data-start=\"598\" data-end=\"603\" \/>\n<h3 data-start=\"605\" data-end=\"631\">\u2699\ufe0f Th\u00f4ng S\u1ed1 K\u1ef9 Thu\u1eadt<\/h3>\n<p data-start=\"632\" data-end=\"803\">\u2714 <strong data-start=\"634\" data-end=\"644\">Model:<\/strong> Lioa 3 pha SH3 &#8211; 30kVA<br data-start=\"667\" data-end=\"670\" \/>\u2714 <strong data-start=\"672\" data-end=\"688\">\u0110i\u1ec7n \u00e1p v\u00e0o:<\/strong> 260V &#8211; 430V<br data-start=\"700\" data-end=\"703\" \/>\u2714 <strong data-start=\"705\" data-end=\"720\">\u0110i\u1ec7n \u00e1p ra:<\/strong> 200V, 380V<br data-start=\"731\" data-end=\"734\" \/>\u2714 <strong data-start=\"736\" data-end=\"759\">K\u00edch th\u01b0\u1edbc (DxRxC):<\/strong> 545x390x1090 mm<br data-start=\"775\" data-end=\"778\" \/>\u2714 <strong data-start=\"780\" data-end=\"796\">Tr\u1ecdng l\u01b0\u1ee3ng:<\/strong> 87kg<\/p>\n<hr data-start=\"805\" data-end=\"810\" \/>\n<h3 data-start=\"812\" data-end=\"835\">\u2705 \u01afu \u0110i\u1ec3m N\u1ed5i B\u1eadt<\/h3>\n<p data-start=\"836\" data-end=\"1151\">\ud83d\udd39 <strong data-start=\"839\" data-end=\"858\">\u1ed4n \u0111\u1ecbnh \u0111i\u1ec7n \u00e1p<\/strong>: Gi\u1eef ngu\u1ed3n \u0111i\u1ec7n lu\u00f4n \u1ed5n \u0111\u1ecbnh, tr\u00e1nh h\u1ecfng h\u00f3c thi\u1ebft b\u1ecb.<br data-start=\"913\" data-end=\"916\" \/>\ud83d\udd39 <strong data-start=\"919\" data-end=\"937\">V\u1eadn h\u00e0nh \u00eam \u00e1i<\/strong>: Ho\u1ea1t \u0111\u1ed9ng b\u1ec1n b\u1ec9, kh\u00f4ng g\u00e2y ti\u1ebfng \u1ed3n l\u1edbn.<br data-start=\"980\" data-end=\"983\" \/>\ud83d\udd39 <strong data-start=\"986\" data-end=\"1009\">Ti\u1ebft ki\u1ec7m \u0111i\u1ec7n n\u0103ng<\/strong>: Gi\u1ea3m hao ph\u00ed \u0111i\u1ec7n n\u0103ng trong qu\u00e1 tr\u00ecnh s\u1eed d\u1ee5ng.<br data-start=\"1058\" data-end=\"1061\" \/>\ud83d\udd39 <strong data-start=\"1064\" data-end=\"1088\">B\u1ea3o v\u1ec7 thi\u1ebft b\u1ecb \u0111i\u1ec7n<\/strong>: H\u1ea1n ch\u1ebf nguy c\u01a1 ch\u00e1y n\u1ed5, h\u1ecfng h\u00f3c do \u0111i\u1ec7n \u00e1p kh\u00f4ng \u1ed5n \u0111\u1ecbnh.<\/p>\n<hr data-start=\"1153\" data-end=\"1158\" \/>\n<h3 data-start=\"1160\" data-end=\"1186\">\ud83c\udfaf \u1ee8ng D\u1ee5ng S\u1ea3n Ph\u1ea9m<\/h3>\n<p data-start=\"1187\" data-end=\"1433\">\u2714 <strong data-start=\"1189\" data-end=\"1216\">Nh\u00e0 m\u00e1y, x\u01b0\u1edfng s\u1ea3n xu\u1ea5t<\/strong>: Cung c\u1ea5p \u0111i\u1ec7n \u1ed5n \u0111\u1ecbnh cho m\u00e1y m\u00f3c c\u00f4ng nghi\u1ec7p.<br data-start=\"1264\" data-end=\"1267\" \/>\u2714 <strong data-start=\"1269\" data-end=\"1292\">Kh\u00e1ch s\u1ea1n, nh\u00e0 h\u00e0ng<\/strong>: \u0110\u1ea3m b\u1ea3o ngu\u1ed3n \u0111i\u1ec7n cho h\u1ec7 th\u1ed1ng b\u1ebfp, \u0111i\u1ec1u h\u00f2a, thang m\u00e1y.<br data-start=\"1351\" data-end=\"1354\" \/>\u2714 <strong data-start=\"1356\" data-end=\"1387\">H\u1ed9 kinh doanh, doanh nghi\u1ec7p<\/strong>: \u1ed4n \u0111\u1ecbnh \u0111i\u1ec7n \u00e1p cho c\u00e1c thi\u1ebft b\u1ecb \u0111i\u1ec7n l\u1edbn.<\/p>\n<hr data-start=\"1435\" data-end=\"1440\" \/>\n<h3 data-start=\"1442\" data-end=\"1469\">\ud83d\udcb0 Gi\u00e1 B\u00e1n C\u1ef1c \u01afu \u0110\u00e3i<\/h3>\n<p data-start=\"1470\" data-end=\"1533\">\ud83d\udcb2 <strong data-start=\"1473\" data-end=\"1489\">Gi\u00e1 c\u00f4ng ty:<\/strong> 36,860,000\u0111<br data-start=\"1501\" data-end=\"1504\" \/>\ud83d\udcb2 <strong data-start=\"1507\" data-end=\"1519\">Gi\u00e1 b\u00e1n:<\/strong> 25,500,000\u0111<\/p>\n<hr data-start=\"1535\" data-end=\"1540\" \/>\n<h3 data-start=\"1542\" data-end=\"1573\">\ud83d\udcde Li\u00ean H\u1ec7 Mua H\u00e0ng Ngay!<\/h3>\n<p data-start=\"1574\" data-end=\"1601\">\ud83d\udccd <strong data-start=\"1577\" data-end=\"1599\">\u0110\u1ecba ch\u1ec9 giao d\u1ecbch:<\/strong><\/p>\n<ul data-start=\"1602\" data-end=\"1829\">\n<li data-start=\"1602\" data-end=\"1661\"><strong data-start=\"1604\" data-end=\"1621\">Tr\u1ee5 s\u1edf ch\u00ednh:<\/strong> S\u1ed1 1031 Gi\u1ea3i Ph\u00f3ng, Ho\u00e0ng Mai, H\u00e0 N\u1ed9i<\/li>\n<li data-start=\"1662\" data-end=\"1714\"><strong data-start=\"1664\" data-end=\"1676\">C\u01a1 s\u1edf 2:<\/strong> S\u1ed1 195 Quang Trung, H\u00e0 \u0110\u00f4ng, H\u00e0 N\u1ed9i<\/li>\n<li data-start=\"1715\" data-end=\"1769\"><strong data-start=\"1717\" data-end=\"1729\">C\u01a1 s\u1edf 3:<\/strong> S\u1ed1 10 Xa La, Ph\u00fac La, H\u00e0 \u0110\u00f4ng, H\u00e0 N\u1ed9i<\/li>\n<li data-start=\"1770\" data-end=\"1829\"><strong data-start=\"1772\" data-end=\"1784\">C\u01a1 s\u1edf 4:<\/strong> B1.1 LK05-03 K\u0110T Thanh H\u00e0, H\u00e0 \u0110\u00f4ng, H\u00e0 N\u1ed9i<\/li>\n<\/ul>\n<p data-start=\"1831\" data-end=\"1912\">\ud83d\udcde <strong data-start=\"1834\" data-end=\"1846\">Hotline:<\/strong> 0988.230.699 \u2013 094.333.0240<br data-start=\"1874\" data-end=\"1877\" \/>\ud83d\udce7 <strong data-start=\"1880\" data-end=\"1890\">Email:<\/strong> <a rel=\"noopener\" data-start=\"1891\" data-end=\"1910\">admin@lioahanoi.com<\/a><\/p>\n<p data-start=\"1914\" data-end=\"2001\" data-is-last-node=\"\" data-is-only-node=\"\">\ud83d\udd25 <strong data-start=\"1917\" data-end=\"2001\" data-is-last-node=\"\">Nhanh tay s\u1edf h\u1eefu \u1ed5n \u00e1p Lioa 3 pha SH3 &#8211; 30kVA v\u1edbi gi\u00e1 c\u1ef1c t\u1ed1t \u2013 S\u1ed1 l\u01b0\u1ee3ng c\u00f3 h\u1ea1n!<\/strong><\/p>\n","protected":false},"excerpt":{"rendered":"<h4 data-start=\"78\" data-end=\"98\">\ud83d\udccc M\u00f4 T\u1ea3 Ng\u1eafn<\/h4>\n<p data-start=\"99\" data-end=\"331\">Lioa 3 pha SH3 &#8211; 30kVA l\u00e0 d\u00f2ng \u1ed5n \u00e1p cao c\u1ea5p, gi\u00fap duy tr\u00ec \u0111i\u1ec7n \u00e1p \u1ed5n \u0111\u1ecbnh cho m\u00e1y m\u00f3c c\u00f4ng nghi\u1ec7p, x\u01b0\u1edfng s\u1ea3n xu\u1ea5t, nh\u00e0 h\u00e0ng v\u00e0 kh\u00e1ch s\u1ea1n. S\u1ea3n ph\u1ea9m v\u1eadn h\u00e0nh b\u1ec1n b\u1ec9, hi\u1ec7u su\u1ea5t cao, b\u1ea3o v\u1ec7 thi\u1ebft b\u1ecb \u0111i\u1ec7n kh\u1ecfi s\u1ef1 c\u1ed1 qu\u00e1 t\u1ea3i v\u00e0 s\u1ee5t \u00e1p.<\/p>\n","protected":false},"featured_media":972,"comment_status":"open","ping_status":"closed","template":"","meta":[],"product_brand":[],"product_cat":[15,23,75],"product_tag":[],"class_list":{"0":"post-971","1":"product","2":"type-product","3":"status-publish","4":"has-post-thumbnail","6":"product_cat-lioa-nhat-linh","7":"product_cat-on-ap-lioa-3-pha-kho","8":"product_cat-on-ap-lioa-3-pha-30kva","10":"first","11":"instock","12":"shipping-taxable","13":"purchasable","14":"product-type-simple"},"_links":{"self":[{"href":"https:\/\/lioahanoi.com\/index.php?rest_route=\/wp\/v2\/product\/971","targetHints":{"allow":["GET"]}}],"collection":[{"href":"https:\/\/lioahanoi.com\/index.php?rest_route=\/wp\/v2\/product"}],"about":[{"href":"https:\/\/lioahanoi.com\/index.php?rest_route=\/wp\/v2\/types\/product"}],"replies":[{"embeddable":true,"href":"https:\/\/lioahanoi.com\/index.php?rest_route=%2Fwp%2Fv2%2Fcomments&post=971"}],"wp:featuredmedia":[{"embeddable":true,"href":"https:\/\/lioahanoi.com\/index.php?rest_route=\/wp\/v2\/media\/972"}],"wp:attachment":[{"href":"https:\/\/lioahanoi.com\/index.php?rest_route=%2Fwp%2Fv2%2Fmedia&parent=971"}],"wp:term":[{"taxonomy":"product_brand","embeddable":true,"href":"https:\/\/lioahanoi.com\/index.php?rest_route=%2Fwp%2Fv2%2Fproduct_brand&post=971"},{"taxonomy":"product_cat","embeddable":true,"href":"https:\/\/lioahanoi.com\/index.php?rest_route=%2Fwp%2Fv2%2Fproduct_cat&post=971"},{"taxonomy":"product_tag","embeddable":true,"href":"https:\/\/lioahanoi.com\/index.php?rest_route=%2Fwp%2Fv2%2Fproduct_tag&post=971"}],"curies":[{"name":"wp","href":"https:\/\/api.w.org\/{rel}","templated":true}]}}